{"id":29673,"date":"2025-04-30T16:16:09","date_gmt":"2025-04-30T16:16:09","guid":{"rendered":"https:\/\/7gx.f64.myftpupload.com\/?page_id=29673"},"modified":"2025-12-05T17:02:27","modified_gmt":"2025-12-05T17:02:27","slug":"become-a-donor","status":"publish","type":"page","link":"https:\/\/bridges-of-hope.org\/es\/become-a-donor\/","title":{"rendered":"Become a donor"},"content":{"rendered":"<div data-elementor-type=\"wp-page\" data-elementor-id=\"29673\" class=\"elementor elementor-29673\">\n\t\t\t\t<div class=\"elementor-element elementor-element-0af8fc8 e-flex e-con-boxed e-con e-parent\" data-id=\"0af8fc8\" data-element_type=\"container\" data-e-type=\"container\">\n\t\t\t\t\t<div class=\"e-con-inner\">\n\t\t<div class=\"elementor-element elementor-element-bcf74c1 e-con-full e-flex e-con e-child\" data-id=\"bcf74c1\" data-element_type=\"container\" data-e-type=\"container\">\n\t\t<div class=\"elementor-element elementor-element-177b10a e-con-full e-flex e-con e-child\" data-id=\"177b10a\" data-element_type=\"container\" data-e-type=\"container\">\n\t\t\t\t<div class=\"elementor-element elementor-element-0546f26 elementor-widget elementor-widget-shortcode\" data-id=\"0546f26\" data-element_type=\"widget\" data-e-type=\"widget\" data-settings=\"{&quot;ekit_we_effect_on&quot;:&quot;none&quot;}\" data-widget_type=\"shortcode.default\">\n\t\t\t\t<div class=\"elementor-widget-container\">\n\t\t\t\t\t\t\t<div class=\"elementor-shortcode\"><div class='root-data-givewp-embed' data-form-locale='es_ES' data-form-url='https:\/\/bridges-of-hope.org\/?post_type=give_forms&#038;p=29679' data-form-view-url='https:\/\/bridges-of-hope.org\/es\/?givewp-route=donation-form-view&form-id=29679' data-src='https:\/\/bridges-of-hope.org\/es\/?givewp-route=donation-form-view&form-id=29679' data-givewp-embed-id='give-form-shortcode-1' data-form-format='' data-open-form-button='Donar ahora' style='--givewp-primary-color: #69b86b; --givewp-secondary-color: #f49420;'><\/div><\/div>\n\t\t\t\t\t\t<\/div>\n\t\t\t\t<\/div>\n\t\t\t\t<div class=\"elementor-element elementor-element-7eb5888 elementor-widget elementor-widget-image\" data-id=\"7eb5888\" data-element_type=\"widget\" data-e-type=\"widget\" data-settings=\"{&quot;ekit_we_effect_on&quot;:&quot;none&quot;}\" data-widget_type=\"image.default\">\n\t\t\t\t<div class=\"elementor-widget-container\">\n\t\t\t\t\t\t\t\t\t\t\t\t\t\t\t<img fetchpriority=\"high\" decoding=\"async\" width=\"524\" height=\"166\" src=\"https:\/\/bridges-of-hope.org\/wp-content\/uploads\/2024\/10\/WhatsApp-Image-2024-10-24-at-10.24.03.jpeg\" class=\"attachment-full size-full wp-image-28968\" alt=\"\" srcset=\"https:\/\/bridges-of-hope.org\/wp-content\/uploads\/2024\/10\/WhatsApp-Image-2024-10-24-at-10.24.03.jpeg 524w, https:\/\/bridges-of-hope.org\/wp-content\/uploads\/2024\/10\/WhatsApp-Image-2024-10-24-at-10.24.03-300x95.jpeg 300w, https:\/\/bridges-of-hope.org\/wp-content\/uploads\/2024\/10\/WhatsApp-Image-2024-10-24-at-10.24.03-18x6.jpeg 18w\" sizes=\"(max-width: 524px) 100vw, 524px\" \/>\t\t\t\t\t\t\t\t\t\t\t\t\t\t\t<\/div>\n\t\t\t\t<\/div>\n\t\t\t\t<div class=\"elementor-element elementor-element-7e11a39 elementor-widget elementor-widget-text-editor\" data-id=\"7e11a39\" data-element_type=\"widget\" data-e-type=\"widget\" data-settings=\"{&quot;ekit_we_effect_on&quot;:&quot;none&quot;}\" data-widget_type=\"text-editor.default\">\n\t\t\t\t<div class=\"elementor-widget-container\">\n\t\t\t\t\t\t\t\t\t<p>Fundaci\u00f3n Agrol\u00edbano Inc. is registered as a nonprofit organization under section 501\u00a9(3) of the Internal Revenue Code. Contributions to Fundaci\u00f3n Agrol\u00edbano Inc. are tax-deductible to the extent permitted by law. The tax identification number for Fundaci\u00f3n Agrol\u00edbano Inc. is 81-3466394. To request a donation receipt, please email <strong><a href=\"mailto:foundation@bridges-of-hope.org\">foundation@bridges-of-hope.org<\/a><\/strong><\/p>\t\t\t\t\t\t\t\t<\/div>\n\t\t\t\t<\/div>\n\t\t\t\t<\/div>\n\t\t<div class=\"elementor-element elementor-element-ac9698e e-con-full e-flex e-con e-child\" data-id=\"ac9698e\" data-element_type=\"container\" data-e-type=\"container\">\n\t\t\t\t<div class=\"elementor-element elementor-element-6047a78 elementor-widget elementor-widget-video\" data-id=\"6047a78\" data-element_type=\"widget\" data-e-type=\"widget\" data-settings=\"{&quot;youtube_url&quot;:&quot;https:\\\/\\\/www.youtube.com\\\/watch?v=r9YPjcJHCSM&quot;,&quot;video_type&quot;:&quot;youtube&quot;,&quot;controls&quot;:&quot;yes&quot;,&quot;ekit_we_effect_on&quot;:&quot;none&quot;}\" data-widget_type=\"video.default\">\n\t\t\t\t<div class=\"elementor-widget-container\">\n\t\t\t\t\t\t\t<div class=\"elementor-wrapper elementor-open-inline\">\n\t\t\t<div class=\"elementor-video\"><\/div>\t\t<\/div>\n\t\t\t\t\t\t<\/div>\n\t\t\t\t<\/div>\n\t\t\t\t<div class=\"elementor-element elementor-element-886aeba elementor-widget elementor-widget-image\" data-id=\"886aeba\" data-element_type=\"widget\" data-e-type=\"widget\" data-settings=\"{&quot;ekit_we_effect_on&quot;:&quot;none&quot;}\" data-widget_type=\"image.default\">\n\t\t\t\t<div class=\"elementor-widget-container\">\n\t\t\t\t\t\t\t\t\t\t\t\t\t\t\t<img decoding=\"async\" width=\"262\" height=\"181\" src=\"https:\/\/bridges-of-hope.org\/wp-content\/uploads\/2025\/04\/1.png\" class=\"attachment-full size-full wp-image-29675\" alt=\"\" srcset=\"https:\/\/bridges-of-hope.org\/wp-content\/uploads\/2025\/04\/1.png 262w, https:\/\/bridges-of-hope.org\/wp-content\/uploads\/2025\/04\/1-18x12.png 18w\" sizes=\"(max-width: 262px) 100vw, 262px\" \/>\t\t\t\t\t\t\t\t\t\t\t\t\t\t\t<\/div>\n\t\t\t\t<\/div>\n\t\t\t\t<div class=\"elementor-element elementor-element-6ae8420 elementor-widget elementor-widget-text-editor\" data-id=\"6ae8420\" data-element_type=\"widget\" data-e-type=\"widget\" data-settings=\"{&quot;ekit_we_effect_on&quot;:&quot;none&quot;}\" data-widget_type=\"text-editor.default\">\n\t\t\t\t<div class=\"elementor-widget-container\">\n\t\t\t\t\t\t\t\t\t<p>Be a spark of light with your monthly donation, &#8220;illuminate your light within to brighten the world around you.&#8221;\u00a0<\/p><p>Nurture your inner light by joining a community of changemakers with exclusive access to transformative programs and teachings designed to help you grow, shine, and inspire.<\/p><p>Bring light to others by supporting impactful initiatives in underserved communities across Honduras\u2014offering hope, opportunity, and the possibility of a better future to those who need it most.<\/p><p>With your donation, you contribute to one of the following programs:<\/p><ol><li><strong><a href=\"http:\/\/bridges-of-hope.org\/es\/first-steps\/\" target=\"_blank\" rel=\"noopener\">Primeros Pasos<\/a><\/strong><\/li><li><strong><a href=\"http:\/\/bridges-of-hope.org\/es\/healthy-families\/\" target=\"_blank\" rel=\"noopener\">Familias Saludables<\/a><\/strong><\/li><li><strong><a href=\"http:\/\/bridges-of-hope.org\/es\/thriving-in-school\/\" target=\"_blank\" rel=\"noopener\">Prosperando en la escuela<\/a><\/strong><\/li><li><strong><a href=\"http:\/\/bridges-of-hope.org\/es\/education-for-all\/\" target=\"_blank\" rel=\"noopener\">Educaci\u00f3n para Todos<\/a><\/strong><\/li><li><strong><a href=\"http:\/\/bridges-of-hope.org\/es\/leaders-in-action\/\" target=\"_blank\" rel=\"noopener\">L\u00edderes en Acci\u00f3n<\/a><\/strong><\/li><\/ol>\t\t\t\t\t\t\t\t<\/div>\n\t\t\t\t<\/div>\n\t\t\t\t<\/div>\n\t\t\t\t<\/div>\n\t\t\t\t\t<\/div>\n\t\t\t\t<\/div>\n\t\t<div class=\"elementor-element elementor-element-82857dc e-flex e-con-boxed e-con e-parent\" data-id=\"82857dc\" data-element_type=\"container\" data-e-type=\"container\">\n\t\t\t\t\t<div class=\"e-con-inner\">\n\t\t\t\t<div class=\"elementor-element elementor-element-d3d068b elementor-arrows-position-inside elementor-pagination-position-outside elementor-widget elementor-widget-image-carousel\" data-id=\"d3d068b\" data-element_type=\"widget\" data-e-type=\"widget\" data-settings=\"{&quot;navigation&quot;:&quot;both&quot;,&quot;autoplay&quot;:&quot;yes&quot;,&quot;pause_on_hover&quot;:&quot;yes&quot;,&quot;pause_on_interaction&quot;:&quot;yes&quot;,&quot;autoplay_speed&quot;:5000,&quot;infinite&quot;:&quot;yes&quot;,&quot;speed&quot;:500,&quot;image_spacing_custom&quot;:{&quot;unit&quot;:&quot;px&quot;,&quot;size&quot;:20,&quot;sizes&quot;:[]},&quot;image_spacing_custom_tablet&quot;:{&quot;unit&quot;:&quot;px&quot;,&quot;size&quot;:&quot;&quot;,&quot;sizes&quot;:[]},&quot;image_spacing_custom_mobile&quot;:{&quot;unit&quot;:&quot;px&quot;,&quot;size&quot;:&quot;&quot;,&quot;sizes&quot;:[]},&quot;ekit_we_effect_on&quot;:&quot;none&quot;}\" data-widget_type=\"image-carousel.default\">\n\t\t\t\t<div class=\"elementor-widget-container\">\n\t\t\t\t\t\t\t<div class=\"elementor-image-carousel-wrapper swiper\" role=\"region\" aria-roledescription=\"carousel\" aria-label=\"Image Carousel\" dir=\"ltr\">\n\t\t\t<div class=\"elementor-image-carousel swiper-wrapper\" aria-live=\"off\">\n\t\t\t\t\t\t\t\t<div class=\"swiper-slide\" role=\"group\" aria-roledescription=\"slide\" aria-label=\"1 de 11\"><figure class=\"swiper-slide-inner\"><img decoding=\"async\" class=\"swiper-slide-image\" src=\"https:\/\/bridges-of-hope.org\/wp-content\/uploads\/2024\/10\/IMG_2255.jpg\" alt=\"First Steps Program\" \/><figcaption class=\"elementor-image-carousel-caption\">First Steps Program<\/figcaption><\/figure><\/div><div class=\"swiper-slide\" role=\"group\" aria-roledescription=\"slide\" aria-label=\"2 de 11\"><figure class=\"swiper-slide-inner\"><img decoding=\"async\" class=\"swiper-slide-image\" src=\"https:\/\/bridges-of-hope.org\/wp-content\/uploads\/2024\/10\/IMG_2203.jpg\" alt=\"First Steps Program\" \/><figcaption class=\"elementor-image-carousel-caption\">First Steps Program<\/figcaption><\/figure><\/div><div class=\"swiper-slide\" role=\"group\" aria-roledescription=\"slide\" aria-label=\"3 de 11\"><figure class=\"swiper-slide-inner\"><img decoding=\"async\" class=\"swiper-slide-image\" src=\"https:\/\/bridges-of-hope.org\/wp-content\/uploads\/2024\/11\/thrive7.jpg\" alt=\"Thriving in School\" \/><figcaption class=\"elementor-image-carousel-caption\">Prosperando en la escuela<\/figcaption><\/figure><\/div><div class=\"swiper-slide\" role=\"group\" aria-roledescription=\"slide\" aria-label=\"4 de 11\"><figure class=\"swiper-slide-inner\"><img decoding=\"async\" class=\"swiper-slide-image\" src=\"https:\/\/bridges-of-hope.org\/wp-content\/uploads\/2024\/10\/1-nina-jugando-1.jpg\" alt=\"First Steps Program\" \/><figcaption class=\"elementor-image-carousel-caption\">First Steps Program<\/figcaption><\/figure><\/div><div class=\"swiper-slide\" role=\"group\" aria-roledescription=\"slide\" aria-label=\"5 de 11\"><figure class=\"swiper-slide-inner\"><img decoding=\"async\" class=\"swiper-slide-image\" src=\"https:\/\/bridges-of-hope.org\/wp-content\/uploads\/2024\/11\/thrive3.jpg\" alt=\"Thriving in School\" \/><figcaption class=\"elementor-image-carousel-caption\">Prosperando en la escuela<\/figcaption><\/figure><\/div><div class=\"swiper-slide\" role=\"group\" aria-roledescription=\"slide\" aria-label=\"6 de 11\"><figure class=\"swiper-slide-inner\"><img decoding=\"async\" class=\"swiper-slide-image\" src=\"https:\/\/bridges-of-hope.org\/wp-content\/uploads\/2024\/10\/2-madre-voluntaria-bebe-1.jpg\" alt=\"First Steps Program\" \/><figcaption class=\"elementor-image-carousel-caption\">First Steps Program<\/figcaption><\/figure><\/div><div class=\"swiper-slide\" role=\"group\" aria-roledescription=\"slide\" aria-label=\"7 de 11\"><figure class=\"swiper-slide-inner\"><img decoding=\"async\" class=\"swiper-slide-image\" src=\"https:\/\/bridges-of-hope.org\/wp-content\/uploads\/2024\/10\/3-Nina-sesion-de-peso-1.jpg\" alt=\"First Steps Program\" \/><figcaption class=\"elementor-image-carousel-caption\">First Steps Program<\/figcaption><\/figure><\/div><div class=\"swiper-slide\" role=\"group\" aria-roledescription=\"slide\" aria-label=\"8 de 11\"><figure class=\"swiper-slide-inner\"><img decoding=\"async\" class=\"swiper-slide-image\" src=\"https:\/\/bridges-of-hope.org\/wp-content\/uploads\/2024\/11\/thrive17.jpg\" alt=\"Thriving in School\" \/><figcaption class=\"elementor-image-carousel-caption\">Prosperando en la escuela<\/figcaption><\/figure><\/div><div class=\"swiper-slide\" role=\"group\" aria-roledescription=\"slide\" aria-label=\"9 de 11\"><figure class=\"swiper-slide-inner\"><img decoding=\"async\" class=\"swiper-slide-image\" src=\"https:\/\/bridges-of-hope.org\/wp-content\/uploads\/2024\/10\/4-embarazada-1.jpg\" alt=\"First Steps Program\" \/><figcaption class=\"elementor-image-carousel-caption\">First Steps Program<\/figcaption><\/figure><\/div><div class=\"swiper-slide\" role=\"group\" aria-roledescription=\"slide\" aria-label=\"10 de 11\"><figure class=\"swiper-slide-inner\"><img decoding=\"async\" class=\"swiper-slide-image\" src=\"https:\/\/bridges-of-hope.org\/wp-content\/uploads\/2024\/10\/5-Entrega-de-panalera-1.jpg\" alt=\"First Steps Program\" \/><figcaption class=\"elementor-image-carousel-caption\">First Steps Program<\/figcaption><\/figure><\/div><div class=\"swiper-slide\" role=\"group\" aria-roledescription=\"slide\" aria-label=\"11 de 11\"><figure class=\"swiper-slide-inner\"><img decoding=\"async\" class=\"swiper-slide-image\" src=\"https:\/\/bridges-of-hope.org\/wp-content\/uploads\/2024\/11\/thrive4.jpg\" alt=\"Thriving in School\" \/><figcaption class=\"elementor-image-carousel-caption\">Prosperando en la escuela<\/figcaption><\/figure><\/div>\t\t\t<\/div>\n\t\t\t\t\t\t\t\t\t\t\t\t<div class=\"elementor-swiper-button elementor-swiper-button-prev\" role=\"button\" tabindex=\"0\">\n\t\t\t\t\t\t<i aria-hidden=\"true\" class=\"eicon-chevron-left\"><\/i>\t\t\t\t\t<\/div>\n\t\t\t\t\t<div class=\"elementor-swiper-button elementor-swiper-button-next\" role=\"button\" tabindex=\"0\">\n\t\t\t\t\t\t<i aria-hidden=\"true\" class=\"eicon-chevron-right\"><\/i>\t\t\t\t\t<\/div>\n\t\t\t\t\n\t\t\t\t\t\t\t\t\t<div class=\"swiper-pagination\"><\/div>\n\t\t\t\t\t\t\t\t\t<\/div>\n\t\t\t\t\t\t<\/div>\n\t\t\t\t<\/div>\n\t\t\t\t\t<\/div>\n\t\t\t\t<\/div>\n\t\t\t\t<\/div>","protected":false},"excerpt":{"rendered":"<p>Fundaci\u00f3n Agrol\u00edbano Inc. is registered as a nonprofit organization under section 501\u00a9(3) of the Internal Revenue Code. Contributions to Fundaci\u00f3n Agrol\u00edbano Inc. are tax-deductible to the extent permitted by law. The tax identification number for Fundaci\u00f3n Agrol\u00edbano Inc. is 81-3466394. To request a donation receipt, please email foundation@bridges-of-hope.org https:\/\/www.youtube.com\/watch?v=r9YPjcJHCSM Be a spark of light with [&hellip;]<\/p>\n","protected":false},"author":6,"featured_media":0,"parent":0,"menu_order":0,"comment_status":"closed","ping_status":"closed","template":"","meta":{"give_campaign_id":0,"footnotes":""},"class_list":["post-29673","page","type-page","status-publish","hentry"],"yoast_head":"<!-- This site is optimized with the Yoast SEO plugin v27.1.1 - https:\/\/yoast.com\/product\/yoast-seo-wordpress\/ -->\n<title>Become a donor - FAINC Bridges of Hope<\/title>\n<meta name=\"robots\" content=\"index, follow, max-snippet:-1, max-image-preview:large, max-video-preview:-1\" \/>\n<link rel=\"canonical\" href=\"https:\/\/7gx.f64.myftpupload.com\/become-a-donor\/\" \/>\n<meta property=\"og:locale\" content=\"es_ES\" \/>\n<meta property=\"og:type\" content=\"article\" \/>\n<meta property=\"og:title\" content=\"Become a donor - FAINC Bridges of Hope\" \/>\n<meta property=\"og:description\" content=\"Fundaci\u00f3n Agrol\u00edbano Inc. is registered as a nonprofit organization under section 501\u00a9(3) of the Internal Revenue Code. Contributions to Fundaci\u00f3n Agrol\u00edbano Inc. are tax-deductible to the extent permitted by law. The tax identification number for Fundaci\u00f3n Agrol\u00edbano Inc. is 81-3466394. To request a donation receipt, please email foundation@bridges-of-hope.org https:\/\/www.youtube.com\/watch?v=r9YPjcJHCSM Be a spark of light with [&hellip;]\" \/>\n<meta property=\"og:url\" content=\"https:\/\/7gx.f64.myftpupload.com\/become-a-donor\/\" \/>\n<meta property=\"og:site_name\" content=\"FAINC Bridges of Hope\" \/>\n<meta property=\"article:publisher\" content=\"https:\/\/www.facebook.com\/profile.php?id=61567723557187\" \/>\n<meta property=\"article:modified_time\" content=\"2025-12-05T17:02:27+00:00\" \/>\n<meta property=\"og:image\" content=\"https:\/\/7gx.f64.myftpupload.com\/wp-content\/uploads\/2024\/10\/WhatsApp-Image-2024-10-24-at-10.24.03.jpeg\" \/>\n<meta name=\"twitter:card\" content=\"summary_large_image\" \/>\n<meta name=\"twitter:site\" content=\"@FHope68779\" \/>\n<meta name=\"twitter:label1\" content=\"Tiempo de lectura\" \/>\n\t<meta name=\"twitter:data1\" content=\"5 minutos\" \/>\n<script type=\"application\/ld+json\" class=\"yoast-schema-graph\">{\"@context\":\"https:\/\/schema.org\",\"@graph\":[{\"@type\":\"WebPage\",\"@id\":\"https:\/\/7gx.f64.myftpupload.com\/become-a-donor\/\",\"url\":\"https:\/\/7gx.f64.myftpupload.com\/become-a-donor\/\",\"name\":\"Become a donor - FAINC Bridges of Hope\",\"isPartOf\":{\"@id\":\"https:\/\/7gx.f64.myftpupload.com\/#website\"},\"primaryImageOfPage\":{\"@id\":\"https:\/\/7gx.f64.myftpupload.com\/become-a-donor\/#primaryimage\"},\"image\":{\"@id\":\"https:\/\/7gx.f64.myftpupload.com\/become-a-donor\/#primaryimage\"},\"thumbnailUrl\":\"https:\/\/bridges-of-hope.org\/wp-content\/uploads\/2024\/10\/WhatsApp-Image-2024-10-24-at-10.24.03.jpeg\",\"datePublished\":\"2025-04-30T16:16:09+00:00\",\"dateModified\":\"2025-12-05T17:02:27+00:00\",\"breadcrumb\":{\"@id\":\"https:\/\/7gx.f64.myftpupload.com\/become-a-donor\/#breadcrumb\"},\"inLanguage\":\"es\",\"potentialAction\":[{\"@type\":\"ReadAction\",\"target\":[\"https:\/\/7gx.f64.myftpupload.com\/become-a-donor\/\"]}]},{\"@type\":\"ImageObject\",\"inLanguage\":\"es\",\"@id\":\"https:\/\/7gx.f64.myftpupload.com\/become-a-donor\/#primaryimage\",\"url\":\"https:\/\/bridges-of-hope.org\/wp-content\/uploads\/2024\/10\/WhatsApp-Image-2024-10-24-at-10.24.03.jpeg\",\"contentUrl\":\"https:\/\/bridges-of-hope.org\/wp-content\/uploads\/2024\/10\/WhatsApp-Image-2024-10-24-at-10.24.03.jpeg\"},{\"@type\":\"BreadcrumbList\",\"@id\":\"https:\/\/7gx.f64.myftpupload.com\/become-a-donor\/#breadcrumb\",\"itemListElement\":[{\"@type\":\"ListItem\",\"position\":1,\"name\":\"Home\",\"item\":\"https:\/\/bridges-of-hope.org\/\"},{\"@type\":\"ListItem\",\"position\":2,\"name\":\"Become a donor\"}]},{\"@type\":\"WebSite\",\"@id\":\"https:\/\/7gx.f64.myftpupload.com\/#website\",\"url\":\"https:\/\/7gx.f64.myftpupload.com\/\",\"name\":\"FAINC Bridges of Hope\",\"description\":\"Hope Connecting Lives\",\"publisher\":{\"@id\":\"https:\/\/7gx.f64.myftpupload.com\/#organization\"},\"potentialAction\":[{\"@type\":\"SearchAction\",\"target\":{\"@type\":\"EntryPoint\",\"urlTemplate\":\"https:\/\/7gx.f64.myftpupload.com\/?s={search_term_string}\"},\"query-input\":{\"@type\":\"PropertyValueSpecification\",\"valueRequired\":true,\"valueName\":\"search_term_string\"}}],\"inLanguage\":\"es\"},{\"@type\":\"Organization\",\"@id\":\"https:\/\/7gx.f64.myftpupload.com\/#organization\",\"name\":\"FAINC Bridges of Hope\",\"url\":\"https:\/\/7gx.f64.myftpupload.com\/\",\"logo\":{\"@type\":\"ImageObject\",\"inLanguage\":\"es\",\"@id\":\"https:\/\/7gx.f64.myftpupload.com\/#\/schema\/logo\/image\/\",\"url\":\"https:\/\/bridges-of-hope.org\/wp-content\/uploads\/2024\/03\/logo-fainc-bridges-of-hope.png\",\"contentUrl\":\"https:\/\/bridges-of-hope.org\/wp-content\/uploads\/2024\/03\/logo-fainc-bridges-of-hope.png\",\"width\":1000,\"height\":300,\"caption\":\"FAINC Bridges of Hope\"},\"image\":{\"@id\":\"https:\/\/7gx.f64.myftpupload.com\/#\/schema\/logo\/image\/\"},\"sameAs\":[\"https:\/\/www.facebook.com\/profile.php?id=61567723557187\",\"https:\/\/x.com\/FHope68779\",\"https:\/\/www.instagram.com\/agrolibanofainc\",\"https:\/\/www.linkedin.com\/company\/fainc-bridges-of-hope\/\",\"https:\/\/www.youtube.com\/@fundacionagrolibanoinc\"]}]}<\/script>\n<!-- \/ Yoast SEO plugin. -->","yoast_head_json":{"title":"Become a donor - FAINC Bridges of Hope","robots":{"index":"index","follow":"follow","max-snippet":"max-snippet:-1","max-image-preview":"max-image-preview:large","max-video-preview":"max-video-preview:-1"},"canonical":"https:\/\/7gx.f64.myftpupload.com\/become-a-donor\/","og_locale":"es_ES","og_type":"article","og_title":"Become a donor - FAINC Bridges of Hope","og_description":"Fundaci\u00f3n Agrol\u00edbano Inc. is registered as a nonprofit organization under section 501\u00a9(3) of the Internal Revenue Code. Contributions to Fundaci\u00f3n Agrol\u00edbano Inc. are tax-deductible to the extent permitted by law. The tax identification number for Fundaci\u00f3n Agrol\u00edbano Inc. is 81-3466394. To request a donation receipt, please email foundation@bridges-of-hope.org https:\/\/www.youtube.com\/watch?v=r9YPjcJHCSM Be a spark of light with [&hellip;]","og_url":"https:\/\/7gx.f64.myftpupload.com\/become-a-donor\/","og_site_name":"FAINC Bridges of Hope","article_publisher":"https:\/\/www.facebook.com\/profile.php?id=61567723557187","article_modified_time":"2025-12-05T17:02:27+00:00","og_image":[{"url":"https:\/\/7gx.f64.myftpupload.com\/wp-content\/uploads\/2024\/10\/WhatsApp-Image-2024-10-24-at-10.24.03.jpeg","type":"","width":"","height":""}],"twitter_card":"summary_large_image","twitter_site":"@FHope68779","twitter_misc":{"Tiempo de lectura":"5 minutos"},"schema":{"@context":"https:\/\/schema.org","@graph":[{"@type":"WebPage","@id":"https:\/\/7gx.f64.myftpupload.com\/become-a-donor\/","url":"https:\/\/7gx.f64.myftpupload.com\/become-a-donor\/","name":"Become a donor - FAINC Bridges of Hope","isPartOf":{"@id":"https:\/\/7gx.f64.myftpupload.com\/#website"},"primaryImageOfPage":{"@id":"https:\/\/7gx.f64.myftpupload.com\/become-a-donor\/#primaryimage"},"image":{"@id":"https:\/\/7gx.f64.myftpupload.com\/become-a-donor\/#primaryimage"},"thumbnailUrl":"https:\/\/bridges-of-hope.org\/wp-content\/uploads\/2024\/10\/WhatsApp-Image-2024-10-24-at-10.24.03.jpeg","datePublished":"2025-04-30T16:16:09+00:00","dateModified":"2025-12-05T17:02:27+00:00","breadcrumb":{"@id":"https:\/\/7gx.f64.myftpupload.com\/become-a-donor\/#breadcrumb"},"inLanguage":"es","potentialAction":[{"@type":"ReadAction","target":["https:\/\/7gx.f64.myftpupload.com\/become-a-donor\/"]}]},{"@type":"ImageObject","inLanguage":"es","@id":"https:\/\/7gx.f64.myftpupload.com\/become-a-donor\/#primaryimage","url":"https:\/\/bridges-of-hope.org\/wp-content\/uploads\/2024\/10\/WhatsApp-Image-2024-10-24-at-10.24.03.jpeg","contentUrl":"https:\/\/bridges-of-hope.org\/wp-content\/uploads\/2024\/10\/WhatsApp-Image-2024-10-24-at-10.24.03.jpeg"},{"@type":"BreadcrumbList","@id":"https:\/\/7gx.f64.myftpupload.com\/become-a-donor\/#breadcrumb","itemListElement":[{"@type":"ListItem","position":1,"name":"Home","item":"https:\/\/bridges-of-hope.org\/"},{"@type":"ListItem","position":2,"name":"Become a donor"}]},{"@type":"WebSite","@id":"https:\/\/7gx.f64.myftpupload.com\/#website","url":"https:\/\/7gx.f64.myftpupload.com\/","name":"FAINC Bridges of Hope","description":"Hope Connecting Lives","publisher":{"@id":"https:\/\/7gx.f64.myftpupload.com\/#organization"},"potentialAction":[{"@type":"SearchAction","target":{"@type":"EntryPoint","urlTemplate":"https:\/\/7gx.f64.myftpupload.com\/?s={search_term_string}"},"query-input":{"@type":"PropertyValueSpecification","valueRequired":true,"valueName":"search_term_string"}}],"inLanguage":"es"},{"@type":"Organization","@id":"https:\/\/7gx.f64.myftpupload.com\/#organization","name":"FAINC Bridges of Hope","url":"https:\/\/7gx.f64.myftpupload.com\/","logo":{"@type":"ImageObject","inLanguage":"es","@id":"https:\/\/7gx.f64.myftpupload.com\/#\/schema\/logo\/image\/","url":"https:\/\/bridges-of-hope.org\/wp-content\/uploads\/2024\/03\/logo-fainc-bridges-of-hope.png","contentUrl":"https:\/\/bridges-of-hope.org\/wp-content\/uploads\/2024\/03\/logo-fainc-bridges-of-hope.png","width":1000,"height":300,"caption":"FAINC Bridges of Hope"},"image":{"@id":"https:\/\/7gx.f64.myftpupload.com\/#\/schema\/logo\/image\/"},"sameAs":["https:\/\/www.facebook.com\/profile.php?id=61567723557187","https:\/\/x.com\/FHope68779","https:\/\/www.instagram.com\/agrolibanofainc","https:\/\/www.linkedin.com\/company\/fainc-bridges-of-hope\/","https:\/\/www.youtube.com\/@fundacionagrolibanoinc"]}]}},"campaignId":"","_links":{"self":[{"href":"https:\/\/bridges-of-hope.org\/es\/wp-json\/wp\/v2\/pages\/29673","targetHints":{"allow":["GET"]}}],"collection":[{"href":"https:\/\/bridges-of-hope.org\/es\/wp-json\/wp\/v2\/pages"}],"about":[{"href":"https:\/\/bridges-of-hope.org\/es\/wp-json\/wp\/v2\/types\/page"}],"author":[{"embeddable":true,"href":"https:\/\/bridges-of-hope.org\/es\/wp-json\/wp\/v2\/users\/6"}],"replies":[{"embeddable":true,"href":"https:\/\/bridges-of-hope.org\/es\/wp-json\/wp\/v2\/comments?post=29673"}],"version-history":[{"count":82,"href":"https:\/\/bridges-of-hope.org\/es\/wp-json\/wp\/v2\/pages\/29673\/revisions"}],"predecessor-version":[{"id":33092,"href":"https:\/\/bridges-of-hope.org\/es\/wp-json\/wp\/v2\/pages\/29673\/revisions\/33092"}],"wp:attachment":[{"href":"https:\/\/bridges-of-hope.org\/es\/wp-json\/wp\/v2\/media?parent=29673"}],"curies":[{"name":"wp","href":"https:\/\/api.w.org\/{rel}","templated":true}]}}