{"id":28459,"date":"2024-10-09T18:49:56","date_gmt":"2024-10-09T18:49:56","guid":{"rendered":"https:\/\/7gx.f64.myftpupload.com\/?page_id=28459"},"modified":"2025-11-26T16:00:59","modified_gmt":"2025-11-26T16:00:59","slug":"leaders-in-action","status":"publish","type":"page","link":"https:\/\/bridges-of-hope.org\/es\/leaders-in-action\/","title":{"rendered":"L\u00edderes en Acci\u00f3n"},"content":{"rendered":"<div data-elementor-type=\"wp-page\" data-elementor-id=\"28459\" class=\"elementor elementor-28459\">\n\t\t\t\t<div class=\"elementor-element elementor-element-0e4ef9f e-con-full e-flex e-con e-parent\" data-id=\"0e4ef9f\" data-element_type=\"container\" data-e-type=\"container\" data-settings=\"{&quot;background_background&quot;:&quot;classic&quot;}\">\n\t\t<div class=\"elementor-element elementor-element-4dec76e e-con-full e-flex e-con e-child\" data-id=\"4dec76e\" data-element_type=\"container\" data-e-type=\"container\">\n\t\t\t\t<div class=\"elementor-element elementor-element-7bf0fc7 elementor-absolute animated-fast elementor-hidden-mobile elementor-invisible elementor-widget elementor-widget-image\" data-id=\"7bf0fc7\" data-element_type=\"widget\" data-e-type=\"widget\" data-settings=\"{&quot;_position&quot;:&quot;absolute&quot;,&quot;_animation&quot;:&quot;fadeInUp&quot;,&quot;_animation_delay&quot;:600,&quot;ekit_we_effect_on&quot;:&quot;none&quot;}\" data-widget_type=\"image.default\">\n\t\t\t\t<div class=\"elementor-widget-container\">\n\t\t\t\t\t\t\t\t\t\t\t\t\t\t\t<img decoding=\"async\" width=\"108\" height=\"167\" src=\"https:\/\/bridges-of-hope.org\/wp-content\/uploads\/2024\/10\/shape2.png\" class=\"attachment-full size-full wp-image-28316\" alt=\"\" \/>\t\t\t\t\t\t\t\t\t\t\t\t\t\t\t<\/div>\n\t\t\t\t<\/div>\n\t\t\t\t<div class=\"elementor-element elementor-element-b5b4910 elementor-absolute animated-fast elementor-hidden-mobile elementor-invisible elementor-widget elementor-widget-image\" data-id=\"b5b4910\" data-element_type=\"widget\" data-e-type=\"widget\" data-settings=\"{&quot;_position&quot;:&quot;absolute&quot;,&quot;_animation&quot;:&quot;fadeInUp&quot;,&quot;_animation_delay&quot;:400,&quot;ekit_we_effect_on&quot;:&quot;none&quot;}\" data-widget_type=\"image.default\">\n\t\t\t\t<div class=\"elementor-widget-container\">\n\t\t\t\t\t\t\t\t\t\t\t\t\t\t\t<img decoding=\"async\" width=\"198\" height=\"118\" src=\"https:\/\/bridges-of-hope.org\/wp-content\/uploads\/2024\/10\/shape3-2.png\" class=\"attachment-full size-full wp-image-28314\" alt=\"\" \/>\t\t\t\t\t\t\t\t\t\t\t\t\t\t\t<\/div>\n\t\t\t\t<\/div>\n\t\t\t\t<div class=\"elementor-element elementor-element-e7f6145 animated-fast elementor-invisible elementor-widget elementor-widget-elementskit-heading\" data-id=\"e7f6145\" data-element_type=\"widget\" data-e-type=\"widget\" data-settings=\"{&quot;_animation&quot;:&quot;fadeIn&quot;,&quot;_animation_delay&quot;:100,&quot;ekit_we_effect_on&quot;:&quot;css&quot;}\" data-widget_type=\"elementskit-heading.default\">\n\t\t\t\t<div class=\"elementor-widget-container\">\n\t\t\t\t\t<div class=\"ekit-wid-con\" ><div class=\"ekit-heading elementskit-section-title-wraper text_center   ekit_heading_tablet-   ekit_heading_mobile-text_center\"><h1 class=\"ekit-heading--title elementskit-section-title\">L\u00edderes en <span><span>Acci\u00f3n<\/span><\/span><\/h1><\/div><\/div>\t\t\t\t<\/div>\n\t\t\t\t<\/div>\n\t\t\t\t<\/div>\n\t\t\t\t<\/div>\n\t\t<div class=\"elementor-element elementor-element-0af8fc8 e-flex e-con-boxed e-con e-parent\" data-id=\"0af8fc8\" data-element_type=\"container\" data-e-type=\"container\">\n\t\t\t\t\t<div class=\"e-con-inner\">\n\t\t<div class=\"elementor-element elementor-element-bcf74c1 e-con-full e-flex e-con e-child\" data-id=\"bcf74c1\" data-element_type=\"container\" data-e-type=\"container\">\n\t\t<div class=\"elementor-element elementor-element-8b5b7c7 e-con-full e-flex e-con e-child\" data-id=\"8b5b7c7\" data-element_type=\"container\" data-e-type=\"container\">\n\t\t\t\t<div class=\"elementor-element elementor-element-6898bd9 elementor-widget elementor-widget-text-editor\" data-id=\"6898bd9\" data-element_type=\"widget\" data-e-type=\"widget\" data-settings=\"{&quot;ekit_we_effect_on&quot;:&quot;none&quot;}\" data-widget_type=\"text-editor.default\">\n\t\t\t\t<div class=\"elementor-widget-container\">\n\t\t\t\t\t\t\t\t\t<p><strong>L\u00edderes en Acci\u00f3n<\/strong> reconoce que el liderazgo es esencial para empoderar a las poblaciones vulnerables y crear un cambio duradero. El programa fortalece a las organizaciones comunitarias al promover la participaci\u00f3n inclusiva en el desarrollo sostenible basado en una cultura de paz y protecci\u00f3n del medio ambiente. Apoyamos a los socios locales a trav\u00e9s de iniciativas educativas, culturales y econ\u00f3micas, as\u00ed como de la defensa y la gobernanza local. Juntos, empoderamos a las comunidades para liderar un cambio sostenible y construir un futuro m\u00e1s brillante.<\/p>\t\t\t\t\t\t\t\t<\/div>\n\t\t\t\t<\/div>\n\t\t\t\t<\/div>\n\t\t<div class=\"elementor-element elementor-element-177b10a e-con-full e-flex e-con e-child\" data-id=\"177b10a\" data-element_type=\"container\" data-e-type=\"container\">\n\t\t\t\t<div class=\"elementor-element elementor-element-9e60ce4 elementor-widget elementor-widget-video\" data-id=\"9e60ce4\" data-element_type=\"widget\" data-e-type=\"widget\" data-settings=\"{&quot;youtube_url&quot;:&quot;https:\\\/\\\/youtube.com\\\/shorts\\\/FUueiyxjGpI?feature=share&quot;,&quot;video_type&quot;:&quot;youtube&quot;,&quot;controls&quot;:&quot;yes&quot;,&quot;ekit_we_effect_on&quot;:&quot;none&quot;}\" data-widget_type=\"video.default\">\n\t\t\t\t<div class=\"elementor-widget-container\">\n\t\t\t\t\t\t\t<div class=\"elementor-wrapper elementor-open-inline\">\n\t\t\t<div class=\"elementor-video\"><\/div>\t\t<\/div>\n\t\t\t\t\t\t<\/div>\n\t\t\t\t<\/div>\n\t\t\t\t<\/div>\n\t\t\t\t<\/div>\n\t\t\t\t\t<\/div>\n\t\t\t\t<\/div>\n\t\t<div class=\"elementor-element elementor-element-9f8487b e-flex e-con-boxed e-con e-parent\" data-id=\"9f8487b\" data-element_type=\"container\" data-e-type=\"container\">\n\t\t\t\t\t<div class=\"e-con-inner\">\n\t\t\t\t<div class=\"elementor-element elementor-element-d00d60c elementor-arrows-position-inside elementor-pagination-position-outside elementor-widget elementor-widget-image-carousel\" data-id=\"d00d60c\" data-element_type=\"widget\" data-e-type=\"widget\" data-settings=\"{&quot;navigation&quot;:&quot;both&quot;,&quot;autoplay&quot;:&quot;yes&quot;,&quot;pause_on_hover&quot;:&quot;yes&quot;,&quot;pause_on_interaction&quot;:&quot;yes&quot;,&quot;autoplay_speed&quot;:5000,&quot;infinite&quot;:&quot;yes&quot;,&quot;speed&quot;:500,&quot;image_spacing_custom&quot;:{&quot;unit&quot;:&quot;px&quot;,&quot;size&quot;:20,&quot;sizes&quot;:[]},&quot;image_spacing_custom_tablet&quot;:{&quot;unit&quot;:&quot;px&quot;,&quot;size&quot;:&quot;&quot;,&quot;sizes&quot;:[]},&quot;image_spacing_custom_mobile&quot;:{&quot;unit&quot;:&quot;px&quot;,&quot;size&quot;:&quot;&quot;,&quot;sizes&quot;:[]},&quot;ekit_we_effect_on&quot;:&quot;none&quot;}\" data-widget_type=\"image-carousel.default\">\n\t\t\t\t<div class=\"elementor-widget-container\">\n\t\t\t\t\t\t\t<div class=\"elementor-image-carousel-wrapper swiper\" role=\"region\" aria-roledescription=\"carousel\" aria-label=\"Image Carousel\" dir=\"ltr\">\n\t\t\t<div class=\"elementor-image-carousel swiper-wrapper\" aria-live=\"off\">\n\t\t\t\t\t\t\t\t<div class=\"swiper-slide\" role=\"group\" aria-roledescription=\"slide\" aria-label=\"1 de 17\"><figure class=\"swiper-slide-inner\"><img decoding=\"async\" class=\"swiper-slide-image\" src=\"https:\/\/bridges-of-hope.org\/wp-content\/uploads\/2025\/10\/Capacitacion-de-lideres-el-sectos-El-Corpus-Quinto-Taller-Porque-me-Emfermo-1.jpeg\" alt=\"Capacitacion de lideres el sectos El Corpus Quinto Taller Porque me Emfermo (1)\" \/><\/figure><\/div><div class=\"swiper-slide\" role=\"group\" aria-roledescription=\"slide\" aria-label=\"2 de 17\"><figure class=\"swiper-slide-inner\"><img decoding=\"async\" class=\"swiper-slide-image\" src=\"https:\/\/bridges-of-hope.org\/wp-content\/uploads\/2025\/10\/47478611-d883-4c78-8e89-a3d84f28c242.jpg\" alt=\"47478611-d883-4c78-8e89-a3d84f28c242\" \/><\/figure><\/div><div class=\"swiper-slide\" role=\"group\" aria-roledescription=\"slide\" aria-label=\"3 de 17\"><figure class=\"swiper-slide-inner\"><img decoding=\"async\" class=\"swiper-slide-image\" src=\"https:\/\/bridges-of-hope.org\/wp-content\/uploads\/2025\/10\/99fb6b05-3ba0-4bf0-9cbe-b6926110fb27.jpg\" alt=\"99fb6b05-3ba0-4bf0-9cbe-b6926110fb27\" \/><\/figure><\/div><div class=\"swiper-slide\" role=\"group\" aria-roledescription=\"slide\" aria-label=\"4 de 17\"><figure class=\"swiper-slide-inner\"><img decoding=\"async\" class=\"swiper-slide-image\" src=\"https:\/\/bridges-of-hope.org\/wp-content\/uploads\/2025\/10\/1eece082-4422-45e2-a833-31a39b282306.jpg\" alt=\"1eece082-4422-45e2-a833-31a39b282306\" \/><\/figure><\/div><div class=\"swiper-slide\" role=\"group\" aria-roledescription=\"slide\" aria-label=\"5 de 17\"><figure class=\"swiper-slide-inner\"><img decoding=\"async\" class=\"swiper-slide-image\" src=\"https:\/\/bridges-of-hope.org\/wp-content\/uploads\/2025\/10\/Reforestacion-2025-5.jpg\" alt=\"Reforestaci\u00f2n -2025 (5)\" \/><\/figure><\/div><div class=\"swiper-slide\" role=\"group\" aria-roledescription=\"slide\" aria-label=\"6 de 17\"><figure class=\"swiper-slide-inner\"><img decoding=\"async\" class=\"swiper-slide-image\" src=\"https:\/\/bridges-of-hope.org\/wp-content\/uploads\/2025\/10\/Reforestacion-2025-4.jpg\" alt=\"Reforestaci\u00f2n -2025 (4)\" \/><\/figure><\/div><div class=\"swiper-slide\" role=\"group\" aria-roledescription=\"slide\" aria-label=\"7 de 17\"><figure class=\"swiper-slide-inner\"><img decoding=\"async\" class=\"swiper-slide-image\" src=\"https:\/\/bridges-of-hope.org\/wp-content\/uploads\/2025\/10\/Reforestacion-2025-2.jpg\" alt=\"Reforestaci\u00f2n -2025 (2)\" \/><\/figure><\/div><div class=\"swiper-slide\" role=\"group\" aria-roledescription=\"slide\" aria-label=\"8 de 17\"><figure class=\"swiper-slide-inner\"><img decoding=\"async\" class=\"swiper-slide-image\" src=\"https:\/\/bridges-of-hope.org\/wp-content\/uploads\/2025\/10\/Reforestacion-2025-1-scaled.jpg\" alt=\"Reforestaci\u00f2n -2025 (1)\" \/><\/figure><\/div><div class=\"swiper-slide\" role=\"group\" aria-roledescription=\"slide\" aria-label=\"9 de 17\"><figure class=\"swiper-slide-inner\"><img decoding=\"async\" class=\"swiper-slide-image\" src=\"https:\/\/bridges-of-hope.org\/wp-content\/uploads\/2025\/10\/PDIC-Espino-1.jpg\" alt=\"PDIC-Espino (1)\" \/><\/figure><\/div><div class=\"swiper-slide\" role=\"group\" aria-roledescription=\"slide\" aria-label=\"10 de 17\"><figure class=\"swiper-slide-inner\"><img decoding=\"async\" class=\"swiper-slide-image\" src=\"https:\/\/bridges-of-hope.org\/wp-content\/uploads\/2025\/10\/e6887a6a-c8ea-44a2-a50d-aa32094358f5.jpg\" alt=\"e6887a6a-c8ea-44a2-a50d-aa32094358f5\" \/><\/figure><\/div><div class=\"swiper-slide\" role=\"group\" aria-roledescription=\"slide\" aria-label=\"11 de 17\"><figure class=\"swiper-slide-inner\"><img decoding=\"async\" class=\"swiper-slide-image\" src=\"https:\/\/bridges-of-hope.org\/wp-content\/uploads\/2025\/10\/Capacitacion-de-lideres-el-sectos-El-Corpus-Quinto-Taller-Porque-me-Emfermo-29-1.jpg\" alt=\"Capacitacion de lideres el sectos El Corpus Quinto Taller Porque me Emfermo (29) (1)\" \/><\/figure><\/div><div class=\"swiper-slide\" role=\"group\" aria-roledescription=\"slide\" aria-label=\"12 de 17\"><figure class=\"swiper-slide-inner\"><img decoding=\"async\" class=\"swiper-slide-image\" src=\"https:\/\/bridges-of-hope.org\/wp-content\/uploads\/2025\/10\/Capacitacion-de-lideres-el-sectos-El-Corpus-Quinto-Taller-Porque-me-Emfermo-20.jpg\" alt=\"Capacitacion de lideres el sectos El Corpus Quinto Taller Porque me Emfermo (20)\" \/><\/figure><\/div><div class=\"swiper-slide\" role=\"group\" aria-roledescription=\"slide\" aria-label=\"13 de 17\"><figure class=\"swiper-slide-inner\"><img decoding=\"async\" class=\"swiper-slide-image\" src=\"https:\/\/bridges-of-hope.org\/wp-content\/uploads\/2025\/10\/Capacitacion-de-lideres-el-sectos-El-Corpus-Quinto-Taller-Porque-me-Emfermo-17.jpg\" alt=\"Capacitacion de lideres el sectos El Corpus Quinto Taller Porque me Emfermo (17)\" \/><\/figure><\/div><div class=\"swiper-slide\" role=\"group\" aria-roledescription=\"slide\" aria-label=\"14 de 17\"><figure class=\"swiper-slide-inner\"><img decoding=\"async\" class=\"swiper-slide-image\" src=\"https:\/\/bridges-of-hope.org\/wp-content\/uploads\/2025\/10\/Capacitacion-de-lideres-el-sectos-El-Corpus-Quinto-Taller-Porque-me-Emfermo-10-1.jpeg\" alt=\"Capacitacion de lideres el sectos El Corpus Quinto Taller Porque me Emfermo (10) (1)\" \/><\/figure><\/div><div class=\"swiper-slide\" role=\"group\" aria-roledescription=\"slide\" aria-label=\"15 de 17\"><figure class=\"swiper-slide-inner\"><img decoding=\"async\" class=\"swiper-slide-image\" src=\"https:\/\/bridges-of-hope.org\/wp-content\/uploads\/2025\/10\/Capacitacion-de-lideres-el-sectos-El-Corpus-Quinto-Taller-Porque-me-Emfermo-2.jpeg\" alt=\"Capacitacion de lideres el sectos El Corpus Quinto Taller Porque me Emfermo (2)\" \/><\/figure><\/div><div class=\"swiper-slide\" role=\"group\" aria-roledescription=\"slide\" aria-label=\"16 de 17\"><figure class=\"swiper-slide-inner\"><img decoding=\"async\" class=\"swiper-slide-image\" src=\"https:\/\/bridges-of-hope.org\/wp-content\/uploads\/2024\/10\/Secuencia01.00_00_00_25.Imagenfija027.jpg\" alt=\"Secuencia01.00_00_00_25.Imagenfija027\" \/><\/figure><\/div><div class=\"swiper-slide\" role=\"group\" aria-roledescription=\"slide\" aria-label=\"17 de 17\"><figure class=\"swiper-slide-inner\"><img decoding=\"async\" class=\"swiper-slide-image\" src=\"https:\/\/bridges-of-hope.org\/wp-content\/uploads\/2024\/10\/Secuencia01.00_00_05_13.Imagenfija033.jpg\" alt=\"Secuencia01.00_00_05_13.Imagenfija033\" \/><\/figure><\/div>\t\t\t<\/div>\n\t\t\t\t\t\t\t\t\t\t\t\t<div class=\"elementor-swiper-button elementor-swiper-button-prev\" role=\"button\" tabindex=\"0\">\n\t\t\t\t\t\t<i aria-hidden=\"true\" class=\"eicon-chevron-left\"><\/i>\t\t\t\t\t<\/div>\n\t\t\t\t\t<div class=\"elementor-swiper-button elementor-swiper-button-next\" role=\"button\" tabindex=\"0\">\n\t\t\t\t\t\t<i aria-hidden=\"true\" class=\"eicon-chevron-right\"><\/i>\t\t\t\t\t<\/div>\n\t\t\t\t\n\t\t\t\t\t\t\t\t\t<div class=\"swiper-pagination\"><\/div>\n\t\t\t\t\t\t\t\t\t<\/div>\n\t\t\t\t\t\t<\/div>\n\t\t\t\t<\/div>\n\t\t\t\t\t<\/div>\n\t\t\t\t<\/div>\n\t\t<div class=\"elementor-element elementor-element-0847e9e e-flex e-con-boxed e-con e-parent\" data-id=\"0847e9e\" data-element_type=\"container\" data-e-type=\"container\">\n\t\t\t\t\t<div class=\"e-con-inner\">\n\t\t<div class=\"elementor-element elementor-element-0a90f77 e-con-full e-flex e-con e-child\" data-id=\"0a90f77\" data-element_type=\"container\" data-e-type=\"container\">\n\t\t\t\t<\/div>\n\t\t<div class=\"elementor-element elementor-element-9739ed2 e-con-full e-flex e-con e-child\" data-id=\"9739ed2\" data-element_type=\"container\" data-e-type=\"container\">\n\t\t\t\t<div class=\"elementor-element elementor-element-1a3d8f6 elementor-widget__width-initial animated-fast elementor-align-center elementor-widget elementor-widget-elementskit-button\" data-id=\"1a3d8f6\" data-element_type=\"widget\" data-e-type=\"widget\" data-settings=\"{&quot;_animation&quot;:&quot;none&quot;,&quot;ekit_we_effect_on&quot;:&quot;none&quot;}\" data-widget_type=\"elementskit-button.default\">\n\t\t\t\t<div class=\"elementor-widget-container\">\n\t\t\t\t\t<div class=\"ekit-wid-con\" >\t\t<div class=\"ekit-btn-wraper\">\n\t\t\t\t\t\t\t<a href=\"http:\/\/bridges-of-hope.org\/es\/become-a-donor\/\" class=\"elementskit-btn  whitespace--normal\" id=\"\">\n\t\t\t\t\tDona aqu\u00ed\t\t\t\t<\/a>\n\t\t\t\t\t<\/div>\n        <\/div>\t\t\t\t<\/div>\n\t\t\t\t<\/div>\n\t\t\t\t<\/div>\n\t\t<div class=\"elementor-element elementor-element-0fdc8b2 e-con-full e-flex e-con e-child\" data-id=\"0fdc8b2\" data-element_type=\"container\" data-e-type=\"container\">\n\t\t\t\t<\/div>\n\t\t\t\t\t<\/div>\n\t\t\t\t<\/div>\n\t\t\t\t<\/div>","protected":false},"excerpt":{"rendered":"<p>Leaders in Action Leaders in Action recognizes that leadership is essential for empowering vulnerable populations to create lasting change. The program strengthens community-based organizations by promoting inclusive participation in sustainable development rooted in a culture of peace and environmental protection. We support local partners through educational, cultural, and economic initiatives, as well as advocacy and [&hellip;]<\/p>\n","protected":false},"author":6,"featured_media":0,"parent":0,"menu_order":0,"comment_status":"closed","ping_status":"closed","template":"","meta":{"give_campaign_id":0,"footnotes":""},"class_list":["post-28459","page","type-page","status-publish","hentry"],"yoast_head":"<!-- This site is optimized with the Yoast SEO plugin v27.1.1 - https:\/\/yoast.com\/product\/yoast-seo-wordpress\/ -->\n<title>Leaders in Action - FAINC Bridges of Hope<\/title>\n<meta name=\"description\" content=\"Leaders in Action builds leadership skills and civic participation in 18 high-poverty rural communities, empowering residents to create sustainable development and peaceful, inclusive environments.\" \/>\n<meta name=\"robots\" content=\"index, follow, max-snippet:-1, max-image-preview:large, max-video-preview:-1\" \/>\n<link rel=\"canonical\" href=\"https:\/\/7gx.f64.myftpupload.com\/leaders-in-action\/\" \/>\n<meta property=\"og:locale\" content=\"es_ES\" \/>\n<meta property=\"og:type\" content=\"article\" \/>\n<meta property=\"og:title\" content=\"Leaders in Action - FAINC Bridges of Hope\" \/>\n<meta property=\"og:description\" content=\"Leaders in Action builds leadership skills and civic participation in 18 high-poverty rural communities, empowering residents to create sustainable development and peaceful, inclusive environments.\" \/>\n<meta property=\"og:url\" content=\"https:\/\/7gx.f64.myftpupload.com\/leaders-in-action\/\" \/>\n<meta property=\"og:site_name\" content=\"FAINC Bridges of Hope\" \/>\n<meta property=\"article:publisher\" content=\"https:\/\/www.facebook.com\/profile.php?id=61567723557187\" \/>\n<meta property=\"article:modified_time\" content=\"2025-11-26T16:00:59+00:00\" \/>\n<meta property=\"og:image\" content=\"https:\/\/7gx.f64.myftpupload.com\/wp-content\/uploads\/2024\/10\/shape2.png\" \/>\n<meta name=\"twitter:card\" content=\"summary_large_image\" \/>\n<meta name=\"twitter:site\" content=\"@FHope68779\" \/>\n<meta name=\"twitter:label1\" content=\"Tiempo de lectura\" \/>\n\t<meta name=\"twitter:data1\" content=\"5 minutos\" \/>\n<script type=\"application\/ld+json\" class=\"yoast-schema-graph\">{\"@context\":\"https:\/\/schema.org\",\"@graph\":[{\"@type\":\"WebPage\",\"@id\":\"https:\/\/7gx.f64.myftpupload.com\/leaders-in-action\/\",\"url\":\"https:\/\/7gx.f64.myftpupload.com\/leaders-in-action\/\",\"name\":\"Leaders in Action - FAINC Bridges of Hope\",\"isPartOf\":{\"@id\":\"https:\/\/7gx.f64.myftpupload.com\/#website\"},\"primaryImageOfPage\":{\"@id\":\"https:\/\/7gx.f64.myftpupload.com\/leaders-in-action\/#primaryimage\"},\"image\":{\"@id\":\"https:\/\/7gx.f64.myftpupload.com\/leaders-in-action\/#primaryimage\"},\"thumbnailUrl\":\"https:\/\/bridges-of-hope.org\/wp-content\/uploads\/2024\/10\/shape2.png\",\"datePublished\":\"2024-10-09T18:49:56+00:00\",\"dateModified\":\"2025-11-26T16:00:59+00:00\",\"description\":\"Leaders in Action builds leadership skills and civic participation in 18 high-poverty rural communities, empowering residents to create sustainable development and peaceful, inclusive environments.\",\"breadcrumb\":{\"@id\":\"https:\/\/7gx.f64.myftpupload.com\/leaders-in-action\/#breadcrumb\"},\"inLanguage\":\"es\",\"potentialAction\":[{\"@type\":\"ReadAction\",\"target\":[\"https:\/\/7gx.f64.myftpupload.com\/leaders-in-action\/\"]}]},{\"@type\":\"ImageObject\",\"inLanguage\":\"es\",\"@id\":\"https:\/\/7gx.f64.myftpupload.com\/leaders-in-action\/#primaryimage\",\"url\":\"https:\/\/bridges-of-hope.org\/wp-content\/uploads\/2024\/10\/shape2.png\",\"contentUrl\":\"https:\/\/bridges-of-hope.org\/wp-content\/uploads\/2024\/10\/shape2.png\"},{\"@type\":\"BreadcrumbList\",\"@id\":\"https:\/\/7gx.f64.myftpupload.com\/leaders-in-action\/#breadcrumb\",\"itemListElement\":[{\"@type\":\"ListItem\",\"position\":1,\"name\":\"Home\",\"item\":\"https:\/\/bridges-of-hope.org\/\"},{\"@type\":\"ListItem\",\"position\":2,\"name\":\"Leaders in Action\"}]},{\"@type\":\"WebSite\",\"@id\":\"https:\/\/7gx.f64.myftpupload.com\/#website\",\"url\":\"https:\/\/7gx.f64.myftpupload.com\/\",\"name\":\"FAINC Bridges of Hope\",\"description\":\"Hope Connecting Lives\",\"publisher\":{\"@id\":\"https:\/\/7gx.f64.myftpupload.com\/#organization\"},\"potentialAction\":[{\"@type\":\"SearchAction\",\"target\":{\"@type\":\"EntryPoint\",\"urlTemplate\":\"https:\/\/7gx.f64.myftpupload.com\/?s={search_term_string}\"},\"query-input\":{\"@type\":\"PropertyValueSpecification\",\"valueRequired\":true,\"valueName\":\"search_term_string\"}}],\"inLanguage\":\"es\"},{\"@type\":\"Organization\",\"@id\":\"https:\/\/7gx.f64.myftpupload.com\/#organization\",\"name\":\"FAINC Bridges of Hope\",\"url\":\"https:\/\/7gx.f64.myftpupload.com\/\",\"logo\":{\"@type\":\"ImageObject\",\"inLanguage\":\"es\",\"@id\":\"https:\/\/7gx.f64.myftpupload.com\/#\/schema\/logo\/image\/\",\"url\":\"https:\/\/bridges-of-hope.org\/wp-content\/uploads\/2024\/03\/logo-fainc-bridges-of-hope.png\",\"contentUrl\":\"https:\/\/bridges-of-hope.org\/wp-content\/uploads\/2024\/03\/logo-fainc-bridges-of-hope.png\",\"width\":1000,\"height\":300,\"caption\":\"FAINC Bridges of Hope\"},\"image\":{\"@id\":\"https:\/\/7gx.f64.myftpupload.com\/#\/schema\/logo\/image\/\"},\"sameAs\":[\"https:\/\/www.facebook.com\/profile.php?id=61567723557187\",\"https:\/\/x.com\/FHope68779\",\"https:\/\/www.instagram.com\/agrolibanofainc\",\"https:\/\/www.linkedin.com\/company\/fainc-bridges-of-hope\/\",\"https:\/\/www.youtube.com\/@fundacionagrolibanoinc\"]}]}<\/script>\n<!-- \/ Yoast SEO plugin. -->","yoast_head_json":{"title":"Leaders in Action - FAINC Bridges of Hope","description":"Leaders in Action builds leadership skills and civic participation in 18 high-poverty rural communities, empowering residents to create sustainable development and peaceful, inclusive environments.","robots":{"index":"index","follow":"follow","max-snippet":"max-snippet:-1","max-image-preview":"max-image-preview:large","max-video-preview":"max-video-preview:-1"},"canonical":"https:\/\/7gx.f64.myftpupload.com\/leaders-in-action\/","og_locale":"es_ES","og_type":"article","og_title":"Leaders in Action - FAINC Bridges of Hope","og_description":"Leaders in Action builds leadership skills and civic participation in 18 high-poverty rural communities, empowering residents to create sustainable development and peaceful, inclusive environments.","og_url":"https:\/\/7gx.f64.myftpupload.com\/leaders-in-action\/","og_site_name":"FAINC Bridges of Hope","article_publisher":"https:\/\/www.facebook.com\/profile.php?id=61567723557187","article_modified_time":"2025-11-26T16:00:59+00:00","og_image":[{"url":"https:\/\/7gx.f64.myftpupload.com\/wp-content\/uploads\/2024\/10\/shape2.png","type":"","width":"","height":""}],"twitter_card":"summary_large_image","twitter_site":"@FHope68779","twitter_misc":{"Tiempo de lectura":"5 minutos"},"schema":{"@context":"https:\/\/schema.org","@graph":[{"@type":"WebPage","@id":"https:\/\/7gx.f64.myftpupload.com\/leaders-in-action\/","url":"https:\/\/7gx.f64.myftpupload.com\/leaders-in-action\/","name":"Leaders in Action - FAINC Bridges of Hope","isPartOf":{"@id":"https:\/\/7gx.f64.myftpupload.com\/#website"},"primaryImageOfPage":{"@id":"https:\/\/7gx.f64.myftpupload.com\/leaders-in-action\/#primaryimage"},"image":{"@id":"https:\/\/7gx.f64.myftpupload.com\/leaders-in-action\/#primaryimage"},"thumbnailUrl":"https:\/\/bridges-of-hope.org\/wp-content\/uploads\/2024\/10\/shape2.png","datePublished":"2024-10-09T18:49:56+00:00","dateModified":"2025-11-26T16:00:59+00:00","description":"Leaders in Action builds leadership skills and civic participation in 18 high-poverty rural communities, empowering residents to create sustainable development and peaceful, inclusive environments.","breadcrumb":{"@id":"https:\/\/7gx.f64.myftpupload.com\/leaders-in-action\/#breadcrumb"},"inLanguage":"es","potentialAction":[{"@type":"ReadAction","target":["https:\/\/7gx.f64.myftpupload.com\/leaders-in-action\/"]}]},{"@type":"ImageObject","inLanguage":"es","@id":"https:\/\/7gx.f64.myftpupload.com\/leaders-in-action\/#primaryimage","url":"https:\/\/bridges-of-hope.org\/wp-content\/uploads\/2024\/10\/shape2.png","contentUrl":"https:\/\/bridges-of-hope.org\/wp-content\/uploads\/2024\/10\/shape2.png"},{"@type":"BreadcrumbList","@id":"https:\/\/7gx.f64.myftpupload.com\/leaders-in-action\/#breadcrumb","itemListElement":[{"@type":"ListItem","position":1,"name":"Home","item":"https:\/\/bridges-of-hope.org\/"},{"@type":"ListItem","position":2,"name":"Leaders in Action"}]},{"@type":"WebSite","@id":"https:\/\/7gx.f64.myftpupload.com\/#website","url":"https:\/\/7gx.f64.myftpupload.com\/","name":"FAINC Bridges of Hope","description":"Hope Connecting Lives","publisher":{"@id":"https:\/\/7gx.f64.myftpupload.com\/#organization"},"potentialAction":[{"@type":"SearchAction","target":{"@type":"EntryPoint","urlTemplate":"https:\/\/7gx.f64.myftpupload.com\/?s={search_term_string}"},"query-input":{"@type":"PropertyValueSpecification","valueRequired":true,"valueName":"search_term_string"}}],"inLanguage":"es"},{"@type":"Organization","@id":"https:\/\/7gx.f64.myftpupload.com\/#organization","name":"FAINC Bridges of Hope","url":"https:\/\/7gx.f64.myftpupload.com\/","logo":{"@type":"ImageObject","inLanguage":"es","@id":"https:\/\/7gx.f64.myftpupload.com\/#\/schema\/logo\/image\/","url":"https:\/\/bridges-of-hope.org\/wp-content\/uploads\/2024\/03\/logo-fainc-bridges-of-hope.png","contentUrl":"https:\/\/bridges-of-hope.org\/wp-content\/uploads\/2024\/03\/logo-fainc-bridges-of-hope.png","width":1000,"height":300,"caption":"FAINC Bridges of Hope"},"image":{"@id":"https:\/\/7gx.f64.myftpupload.com\/#\/schema\/logo\/image\/"},"sameAs":["https:\/\/www.facebook.com\/profile.php?id=61567723557187","https:\/\/x.com\/FHope68779","https:\/\/www.instagram.com\/agrolibanofainc","https:\/\/www.linkedin.com\/company\/fainc-bridges-of-hope\/","https:\/\/www.youtube.com\/@fundacionagrolibanoinc"]}]}},"campaignId":"","_links":{"self":[{"href":"https:\/\/bridges-of-hope.org\/es\/wp-json\/wp\/v2\/pages\/28459","targetHints":{"allow":["GET"]}}],"collection":[{"href":"https:\/\/bridges-of-hope.org\/es\/wp-json\/wp\/v2\/pages"}],"about":[{"href":"https:\/\/bridges-of-hope.org\/es\/wp-json\/wp\/v2\/types\/page"}],"author":[{"embeddable":true,"href":"https:\/\/bridges-of-hope.org\/es\/wp-json\/wp\/v2\/users\/6"}],"replies":[{"embeddable":true,"href":"https:\/\/bridges-of-hope.org\/es\/wp-json\/wp\/v2\/comments?post=28459"}],"version-history":[{"count":40,"href":"https:\/\/bridges-of-hope.org\/es\/wp-json\/wp\/v2\/pages\/28459\/revisions"}],"predecessor-version":[{"id":33024,"href":"https:\/\/bridges-of-hope.org\/es\/wp-json\/wp\/v2\/pages\/28459\/revisions\/33024"}],"wp:attachment":[{"href":"https:\/\/bridges-of-hope.org\/es\/wp-json\/wp\/v2\/media?parent=28459"}],"curies":[{"name":"wp","href":"https:\/\/api.w.org\/{rel}","templated":true}]}}