{"id":28431,"date":"2024-10-09T17:58:06","date_gmt":"2024-10-09T17:58:06","guid":{"rendered":"https:\/\/7gx.f64.myftpupload.com\/?page_id=28431"},"modified":"2025-09-22T23:52:12","modified_gmt":"2025-09-22T23:52:12","slug":"first-steps","status":"publish","type":"page","link":"https:\/\/bridges-of-hope.org\/es\/first-steps\/","title":{"rendered":"Primeros Pasos"},"content":{"rendered":"<div data-elementor-type=\"wp-page\" data-elementor-id=\"28431\" class=\"elementor elementor-28431\">\n\t\t\t\t<div class=\"elementor-element elementor-element-0e4ef9f e-con-full e-flex e-con e-parent\" data-id=\"0e4ef9f\" data-element_type=\"container\" data-e-type=\"container\" data-settings=\"{&quot;background_background&quot;:&quot;classic&quot;}\">\n\t\t<div class=\"elementor-element elementor-element-4dec76e e-con-full e-flex e-con e-child\" data-id=\"4dec76e\" data-element_type=\"container\" data-e-type=\"container\">\n\t\t\t\t<div class=\"elementor-element elementor-element-7bf0fc7 elementor-absolute animated-fast elementor-hidden-mobile elementor-invisible elementor-widget elementor-widget-image\" data-id=\"7bf0fc7\" data-element_type=\"widget\" data-e-type=\"widget\" data-settings=\"{&quot;_position&quot;:&quot;absolute&quot;,&quot;_animation&quot;:&quot;fadeInUp&quot;,&quot;_animation_delay&quot;:600,&quot;ekit_we_effect_on&quot;:&quot;none&quot;}\" data-widget_type=\"image.default\">\n\t\t\t\t<div class=\"elementor-widget-container\">\n\t\t\t\t\t\t\t\t\t\t\t\t\t\t\t<img decoding=\"async\" width=\"108\" height=\"167\" src=\"https:\/\/bridges-of-hope.org\/wp-content\/uploads\/2024\/10\/shape2.png\" class=\"attachment-full size-full wp-image-28316\" alt=\"\" \/>\t\t\t\t\t\t\t\t\t\t\t\t\t\t\t<\/div>\n\t\t\t\t<\/div>\n\t\t\t\t<div class=\"elementor-element elementor-element-b5b4910 elementor-absolute animated-fast elementor-hidden-mobile elementor-invisible elementor-widget elementor-widget-image\" data-id=\"b5b4910\" data-element_type=\"widget\" data-e-type=\"widget\" data-settings=\"{&quot;_position&quot;:&quot;absolute&quot;,&quot;_animation&quot;:&quot;fadeInUp&quot;,&quot;_animation_delay&quot;:400,&quot;ekit_we_effect_on&quot;:&quot;none&quot;}\" data-widget_type=\"image.default\">\n\t\t\t\t<div class=\"elementor-widget-container\">\n\t\t\t\t\t\t\t\t\t\t\t\t\t\t\t<img decoding=\"async\" width=\"198\" height=\"118\" src=\"https:\/\/bridges-of-hope.org\/wp-content\/uploads\/2024\/10\/shape3-2.png\" class=\"attachment-full size-full wp-image-28314\" alt=\"\" \/>\t\t\t\t\t\t\t\t\t\t\t\t\t\t\t<\/div>\n\t\t\t\t<\/div>\n\t\t\t\t<div class=\"elementor-element elementor-element-e7f6145 animated-fast elementor-invisible elementor-widget elementor-widget-elementskit-heading\" data-id=\"e7f6145\" data-element_type=\"widget\" data-e-type=\"widget\" data-settings=\"{&quot;_animation&quot;:&quot;fadeIn&quot;,&quot;_animation_delay&quot;:100,&quot;ekit_we_effect_on&quot;:&quot;css&quot;}\" data-widget_type=\"elementskit-heading.default\">\n\t\t\t\t<div class=\"elementor-widget-container\">\n\t\t\t\t\t<div class=\"ekit-wid-con\" ><div class=\"ekit-heading elementskit-section-title-wraper text_center   ekit_heading_tablet-   ekit_heading_mobile-text_center\"><h1 class=\"ekit-heading--title elementskit-section-title\">Primeros <span><span>Pasos<\/span><\/span><\/h1><\/div><\/div>\t\t\t\t<\/div>\n\t\t\t\t<\/div>\n\t\t\t\t<\/div>\n\t\t\t\t<\/div>\n\t\t<div class=\"elementor-element elementor-element-0af8fc8 e-flex e-con-boxed e-con e-parent\" data-id=\"0af8fc8\" data-element_type=\"container\" data-e-type=\"container\">\n\t\t\t\t\t<div class=\"e-con-inner\">\n\t\t<div class=\"elementor-element elementor-element-bcf74c1 e-con-full e-flex e-con e-child\" data-id=\"bcf74c1\" data-element_type=\"container\" data-e-type=\"container\">\n\t\t<div class=\"elementor-element elementor-element-8b5b7c7 e-con-full e-flex e-con e-child\" data-id=\"8b5b7c7\" data-element_type=\"container\" data-e-type=\"container\">\n\t\t\t\t<div class=\"elementor-element elementor-element-6898bd9 elementor-widget elementor-widget-text-editor\" data-id=\"6898bd9\" data-element_type=\"widget\" data-e-type=\"widget\" data-settings=\"{&quot;ekit_we_effect_on&quot;:&quot;none&quot;}\" data-widget_type=\"text-editor.default\">\n\t\t\t\t<div class=\"elementor-widget-container\">\n\t\t\t\t\t\t\t\t\t<p><strong>El Programa Primeros Pasos<\/strong> apoya a ni\u00f1os menores de seis a\u00f1os en las zonas rurales del sur de Honduras, donde el 89% de los hogares se encuentran en situaci\u00f3n de pobreza. Nos centramos en la nutrici\u00f3n y la estimulaci\u00f3n temprana, y atendemos a m\u00e1s de 1.300 ni\u00f1os en 18 comunidades. Desde 2013, hemos reducido la desnutrici\u00f3n del 14,7% al 4,3% mediante evaluaciones, educaci\u00f3n y visitas domiciliarias. A pesar de la COVID-19, nuestro objetivo es mantener la desnutrici\u00f3n por debajo del 6% y apoyar a m\u00e1s de 150 mujeres embarazadas con educaci\u00f3n y suministros sanitarios. Su donaci\u00f3n puede ayudarnos a seguir brindando apoyo esencial a estos ni\u00f1os y familias, creando un futuro m\u00e1s saludable y brillante.<\/p>\t\t\t\t\t\t\t\t<\/div>\n\t\t\t\t<\/div>\n\t\t\t\t<\/div>\n\t\t<div class=\"elementor-element elementor-element-177b10a e-con-full e-flex e-con e-child\" data-id=\"177b10a\" data-element_type=\"container\" data-e-type=\"container\">\n\t\t\t\t<div class=\"elementor-element elementor-element-6b16835 elementor-widget elementor-widget-video\" data-id=\"6b16835\" data-element_type=\"widget\" data-e-type=\"widget\" data-settings=\"{&quot;youtube_url&quot;:&quot;https:\\\/\\\/youtu.be\\\/VjyHaVXkavY&quot;,&quot;video_type&quot;:&quot;youtube&quot;,&quot;controls&quot;:&quot;yes&quot;,&quot;ekit_we_effect_on&quot;:&quot;none&quot;}\" data-widget_type=\"video.default\">\n\t\t\t\t<div class=\"elementor-widget-container\">\n\t\t\t\t\t\t\t<div class=\"elementor-wrapper elementor-open-inline\">\n\t\t\t<div class=\"elementor-video\"><\/div>\t\t<\/div>\n\t\t\t\t\t\t<\/div>\n\t\t\t\t<\/div>\n\t\t\t\t<\/div>\n\t\t\t\t<\/div>\n\t\t\t\t\t<\/div>\n\t\t\t\t<\/div>\n\t\t<div class=\"elementor-element elementor-element-9350494 e-flex e-con-boxed e-con e-parent\" data-id=\"9350494\" data-element_type=\"container\" data-e-type=\"container\">\n\t\t\t\t\t<div class=\"e-con-inner\">\n\t\t\t\t<div class=\"elementor-element elementor-element-06dc08b elementor-arrows-position-inside elementor-pagination-position-outside elementor-widget elementor-widget-image-carousel\" data-id=\"06dc08b\" data-element_type=\"widget\" data-e-type=\"widget\" data-settings=\"{&quot;navigation&quot;:&quot;both&quot;,&quot;autoplay&quot;:&quot;yes&quot;,&quot;pause_on_hover&quot;:&quot;yes&quot;,&quot;pause_on_interaction&quot;:&quot;yes&quot;,&quot;autoplay_speed&quot;:5000,&quot;infinite&quot;:&quot;yes&quot;,&quot;speed&quot;:500,&quot;image_spacing_custom&quot;:{&quot;unit&quot;:&quot;px&quot;,&quot;size&quot;:20,&quot;sizes&quot;:[]},&quot;image_spacing_custom_tablet&quot;:{&quot;unit&quot;:&quot;px&quot;,&quot;size&quot;:&quot;&quot;,&quot;sizes&quot;:[]},&quot;image_spacing_custom_mobile&quot;:{&quot;unit&quot;:&quot;px&quot;,&quot;size&quot;:&quot;&quot;,&quot;sizes&quot;:[]},&quot;ekit_we_effect_on&quot;:&quot;none&quot;}\" data-widget_type=\"image-carousel.default\">\n\t\t\t\t<div class=\"elementor-widget-container\">\n\t\t\t\t\t\t\t<div class=\"elementor-image-carousel-wrapper swiper\" role=\"region\" aria-roledescription=\"carousel\" aria-label=\"Image Carousel\" dir=\"ltr\">\n\t\t\t<div class=\"elementor-image-carousel swiper-wrapper\" aria-live=\"off\">\n\t\t\t\t\t\t\t\t<div class=\"swiper-slide\" role=\"group\" aria-roledescription=\"slide\" aria-label=\"1 de 14\"><figure class=\"swiper-slide-inner\"><img decoding=\"async\" class=\"swiper-slide-image\" src=\"https:\/\/bridges-of-hope.org\/wp-content\/uploads\/2025\/09\/6f53a88d-ae02-4aa2-a585-4f05dafb19f4-1024x768.jpg\" alt=\"6f53a88d-ae02-4aa2-a585-4f05dafb19f4\" \/><\/figure><\/div><div class=\"swiper-slide\" role=\"group\" aria-roledescription=\"slide\" aria-label=\"2 de 14\"><figure class=\"swiper-slide-inner\"><img decoding=\"async\" class=\"swiper-slide-image\" src=\"https:\/\/bridges-of-hope.org\/wp-content\/uploads\/2025\/09\/Image-2025-01-23-at-9.06.31-AM-768x1024.jpeg\" alt=\"Image 2025-01-23 at 9.06.31 AM\" \/><\/figure><\/div><div class=\"swiper-slide\" role=\"group\" aria-roledescription=\"slide\" aria-label=\"3 de 14\"><figure class=\"swiper-slide-inner\"><img decoding=\"async\" class=\"swiper-slide-image\" src=\"https:\/\/bridges-of-hope.org\/wp-content\/uploads\/2025\/09\/PAIPI-SA-2-1024x576.jpg\" alt=\"PAIPI SA 2\" \/><\/figure><\/div><div class=\"swiper-slide\" role=\"group\" aria-roledescription=\"slide\" aria-label=\"4 de 14\"><figure class=\"swiper-slide-inner\"><img decoding=\"async\" class=\"swiper-slide-image\" src=\"https:\/\/bridges-of-hope.org\/wp-content\/uploads\/2025\/09\/PAIMI-modadlida-3-santa-cruz-6-768x1024.jpeg\" alt=\"PAIMI modadlida 3 santa cruz (6)\" \/><\/figure><\/div><div class=\"swiper-slide\" role=\"group\" aria-roledescription=\"slide\" aria-label=\"5 de 14\"><figure class=\"swiper-slide-inner\"><img decoding=\"async\" class=\"swiper-slide-image\" src=\"https:\/\/bridges-of-hope.org\/wp-content\/uploads\/2025\/09\/photo_4940755907613142574_w-1-1024x768.jpg\" alt=\"photo_4940755907613142574_w (1)\" \/><\/figure><\/div><div class=\"swiper-slide\" role=\"group\" aria-roledescription=\"slide\" aria-label=\"6 de 14\"><figure class=\"swiper-slide-inner\"><img decoding=\"async\" class=\"swiper-slide-image\" src=\"https:\/\/bridges-of-hope.org\/wp-content\/uploads\/2025\/09\/photo_4940755907613142583_w-768x1024.jpg\" alt=\"photo_4940755907613142583_w\" \/><\/figure><\/div><div class=\"swiper-slide\" role=\"group\" aria-roledescription=\"slide\" aria-label=\"7 de 14\"><figure class=\"swiper-slide-inner\"><img decoding=\"async\" class=\"swiper-slide-image\" src=\"https:\/\/bridges-of-hope.org\/wp-content\/uploads\/2025\/09\/photo_4940755907613142581_w-1-768x1024.jpg\" alt=\"photo_4940755907613142581_w (1)\" \/><\/figure><\/div><div class=\"swiper-slide\" role=\"group\" aria-roledescription=\"slide\" aria-label=\"8 de 14\"><figure class=\"swiper-slide-inner\"><img decoding=\"async\" class=\"swiper-slide-image\" src=\"https:\/\/bridges-of-hope.org\/wp-content\/uploads\/2024\/10\/5-Entrega-de-panalera-1-1024x683.jpg\" alt=\"First Steps Program\" \/><\/figure><\/div><div class=\"swiper-slide\" role=\"group\" aria-roledescription=\"slide\" aria-label=\"9 de 14\"><figure class=\"swiper-slide-inner\"><img decoding=\"async\" class=\"swiper-slide-image\" src=\"https:\/\/bridges-of-hope.org\/wp-content\/uploads\/2024\/10\/4-embarazada-1-1024x683.jpg\" alt=\"First Steps Program\" \/><\/figure><\/div><div class=\"swiper-slide\" role=\"group\" aria-roledescription=\"slide\" aria-label=\"10 de 14\"><figure class=\"swiper-slide-inner\"><img decoding=\"async\" class=\"swiper-slide-image\" src=\"https:\/\/bridges-of-hope.org\/wp-content\/uploads\/2024\/10\/3-Nina-sesion-de-peso-1-1024x684.jpg\" alt=\"First Steps Program\" \/><\/figure><\/div><div class=\"swiper-slide\" role=\"group\" aria-roledescription=\"slide\" aria-label=\"11 de 14\"><figure class=\"swiper-slide-inner\"><img decoding=\"async\" class=\"swiper-slide-image\" src=\"https:\/\/bridges-of-hope.org\/wp-content\/uploads\/2024\/10\/2-madre-voluntaria-bebe-1-1024x683.jpg\" alt=\"First Steps Program\" \/><\/figure><\/div><div class=\"swiper-slide\" role=\"group\" aria-roledescription=\"slide\" aria-label=\"12 de 14\"><figure class=\"swiper-slide-inner\"><img decoding=\"async\" class=\"swiper-slide-image\" src=\"https:\/\/bridges-of-hope.org\/wp-content\/uploads\/2024\/10\/1-nina-jugando-1-1024x683.jpg\" alt=\"First Steps Program\" \/><\/figure><\/div><div class=\"swiper-slide\" role=\"group\" aria-roledescription=\"slide\" aria-label=\"13 de 14\"><figure class=\"swiper-slide-inner\"><img decoding=\"async\" class=\"swiper-slide-image\" src=\"https:\/\/bridges-of-hope.org\/wp-content\/uploads\/2024\/10\/IMG_2203-1024x683.jpg\" alt=\"First Steps Program\" \/><\/figure><\/div><div class=\"swiper-slide\" role=\"group\" aria-roledescription=\"slide\" aria-label=\"14 de 14\"><figure class=\"swiper-slide-inner\"><img decoding=\"async\" class=\"swiper-slide-image\" src=\"https:\/\/bridges-of-hope.org\/wp-content\/uploads\/2024\/10\/IMG_2255-1024x683.jpg\" alt=\"First Steps Program\" \/><\/figure><\/div>\t\t\t<\/div>\n\t\t\t\t\t\t\t\t\t\t\t\t<div class=\"elementor-swiper-button elementor-swiper-button-prev\" role=\"button\" tabindex=\"0\">\n\t\t\t\t\t\t<i aria-hidden=\"true\" class=\"eicon-chevron-left\"><\/i>\t\t\t\t\t<\/div>\n\t\t\t\t\t<div class=\"elementor-swiper-button elementor-swiper-button-next\" role=\"button\" tabindex=\"0\">\n\t\t\t\t\t\t<i aria-hidden=\"true\" class=\"eicon-chevron-right\"><\/i>\t\t\t\t\t<\/div>\n\t\t\t\t\n\t\t\t\t\t\t\t\t\t<div class=\"swiper-pagination\"><\/div>\n\t\t\t\t\t\t\t\t\t<\/div>\n\t\t\t\t\t\t<\/div>\n\t\t\t\t<\/div>\n\t\t\t\t\t<\/div>\n\t\t\t\t<\/div>\n\t\t<div class=\"elementor-element elementor-element-ec49a9d e-flex e-con-boxed e-con e-parent\" data-id=\"ec49a9d\" data-element_type=\"container\" data-e-type=\"container\">\n\t\t\t\t\t<div class=\"e-con-inner\">\n\t\t<div class=\"elementor-element elementor-element-4ce6107 e-con-full e-flex e-con e-child\" data-id=\"4ce6107\" data-element_type=\"container\" data-e-type=\"container\">\n\t\t\t\t<\/div>\n\t\t<div class=\"elementor-element elementor-element-284dab1 e-con-full e-flex e-con e-child\" data-id=\"284dab1\" data-element_type=\"container\" data-e-type=\"container\">\n\t\t\t\t<div class=\"elementor-element elementor-element-7db9e83 elementor-widget__width-initial animated-fast elementor-align-center elementor-widget elementor-widget-elementskit-button\" data-id=\"7db9e83\" data-element_type=\"widget\" data-e-type=\"widget\" data-settings=\"{&quot;_animation&quot;:&quot;none&quot;,&quot;ekit_we_effect_on&quot;:&quot;none&quot;}\" data-widget_type=\"elementskit-button.default\">\n\t\t\t\t<div class=\"elementor-widget-container\">\n\t\t\t\t\t<div class=\"ekit-wid-con\" >\t\t<div class=\"ekit-btn-wraper\">\n\t\t\t\t\t\t\t<a href=\"http:\/\/bridges-of-hope.org\/es\/become-a-donor\/\" class=\"elementskit-btn  whitespace--normal\" id=\"\">\n\t\t\t\t\tDona aqu\u00ed\t\t\t\t<\/a>\n\t\t\t\t\t<\/div>\n        <\/div>\t\t\t\t<\/div>\n\t\t\t\t<\/div>\n\t\t\t\t<\/div>\n\t\t<div class=\"elementor-element elementor-element-1d90c69 e-con-full e-flex e-con e-child\" data-id=\"1d90c69\" data-element_type=\"container\" data-e-type=\"container\">\n\t\t\t\t<\/div>\n\t\t\t\t\t<\/div>\n\t\t\t\t<\/div>\n\t\t\t\t<\/div>","protected":false},"excerpt":{"rendered":"<p>First Steps The First Steps Program supports children under six in rural southern Honduras, where 89% of households face poverty. We focus on nutrition and early stimulation, serving over 1,300 children in 18 communities. Since 2013, we\u2019ve reduced malnutrition from 14.7% to 4.3% through assessments, education, and home visits. Despite COVID-19, we aim to keep [&hellip;]<\/p>\n","protected":false},"author":6,"featured_media":0,"parent":0,"menu_order":0,"comment_status":"closed","ping_status":"closed","template":"","meta":{"give_campaign_id":0,"footnotes":""},"class_list":["post-28431","page","type-page","status-publish","hentry"],"yoast_head":"<!-- This site is optimized with the Yoast SEO plugin v27.1.1 - https:\/\/yoast.com\/product\/yoast-seo-wordpress\/ -->\n<title>First Steps - FAINC Bridges of Hope<\/title>\n<meta name=\"robots\" content=\"index, follow, max-snippet:-1, max-image-preview:large, max-video-preview:-1\" \/>\n<link rel=\"canonical\" href=\"https:\/\/7gx.f64.myftpupload.com\/first-steps\/\" \/>\n<meta property=\"og:locale\" content=\"es_ES\" \/>\n<meta property=\"og:type\" content=\"article\" \/>\n<meta property=\"og:title\" content=\"First Steps - FAINC Bridges of Hope\" \/>\n<meta property=\"og:description\" content=\"First Steps The First Steps Program supports children under six in rural southern Honduras, where 89% of households face poverty. We focus on nutrition and early stimulation, serving over 1,300 children in 18 communities. Since 2013, we\u2019ve reduced malnutrition from 14.7% to 4.3% through assessments, education, and home visits. Despite COVID-19, we aim to keep [&hellip;]\" \/>\n<meta property=\"og:url\" content=\"https:\/\/7gx.f64.myftpupload.com\/first-steps\/\" \/>\n<meta property=\"og:site_name\" content=\"FAINC Bridges of Hope\" \/>\n<meta property=\"article:publisher\" content=\"https:\/\/www.facebook.com\/profile.php?id=61567723557187\" \/>\n<meta property=\"article:modified_time\" content=\"2025-09-22T23:52:12+00:00\" \/>\n<meta property=\"og:image\" content=\"https:\/\/7gx.f64.myftpupload.com\/wp-content\/uploads\/2024\/10\/shape2.png\" \/>\n<meta name=\"twitter:card\" content=\"summary_large_image\" \/>\n<meta name=\"twitter:site\" content=\"@FHope68779\" \/>\n<script type=\"application\/ld+json\" class=\"yoast-schema-graph\">{\"@context\":\"https:\/\/schema.org\",\"@graph\":[{\"@type\":\"WebPage\",\"@id\":\"https:\/\/7gx.f64.myftpupload.com\/first-steps\/\",\"url\":\"https:\/\/7gx.f64.myftpupload.com\/first-steps\/\",\"name\":\"First Steps - FAINC Bridges of Hope\",\"isPartOf\":{\"@id\":\"https:\/\/7gx.f64.myftpupload.com\/#website\"},\"primaryImageOfPage\":{\"@id\":\"https:\/\/7gx.f64.myftpupload.com\/first-steps\/#primaryimage\"},\"image\":{\"@id\":\"https:\/\/7gx.f64.myftpupload.com\/first-steps\/#primaryimage\"},\"thumbnailUrl\":\"https:\/\/bridges-of-hope.org\/wp-content\/uploads\/2024\/10\/shape2.png\",\"datePublished\":\"2024-10-09T17:58:06+00:00\",\"dateModified\":\"2025-09-22T23:52:12+00:00\",\"breadcrumb\":{\"@id\":\"https:\/\/7gx.f64.myftpupload.com\/first-steps\/#breadcrumb\"},\"inLanguage\":\"es\",\"potentialAction\":[{\"@type\":\"ReadAction\",\"target\":[\"https:\/\/7gx.f64.myftpupload.com\/first-steps\/\"]}]},{\"@type\":\"ImageObject\",\"inLanguage\":\"es\",\"@id\":\"https:\/\/7gx.f64.myftpupload.com\/first-steps\/#primaryimage\",\"url\":\"https:\/\/bridges-of-hope.org\/wp-content\/uploads\/2024\/10\/shape2.png\",\"contentUrl\":\"https:\/\/bridges-of-hope.org\/wp-content\/uploads\/2024\/10\/shape2.png\"},{\"@type\":\"BreadcrumbList\",\"@id\":\"https:\/\/7gx.f64.myftpupload.com\/first-steps\/#breadcrumb\",\"itemListElement\":[{\"@type\":\"ListItem\",\"position\":1,\"name\":\"Home\",\"item\":\"https:\/\/bridges-of-hope.org\/\"},{\"@type\":\"ListItem\",\"position\":2,\"name\":\"First Steps\"}]},{\"@type\":\"WebSite\",\"@id\":\"https:\/\/7gx.f64.myftpupload.com\/#website\",\"url\":\"https:\/\/7gx.f64.myftpupload.com\/\",\"name\":\"FAINC Bridges of Hope\",\"description\":\"Hope Connecting Lives\",\"publisher\":{\"@id\":\"https:\/\/7gx.f64.myftpupload.com\/#organization\"},\"potentialAction\":[{\"@type\":\"SearchAction\",\"target\":{\"@type\":\"EntryPoint\",\"urlTemplate\":\"https:\/\/7gx.f64.myftpupload.com\/?s={search_term_string}\"},\"query-input\":{\"@type\":\"PropertyValueSpecification\",\"valueRequired\":true,\"valueName\":\"search_term_string\"}}],\"inLanguage\":\"es\"},{\"@type\":\"Organization\",\"@id\":\"https:\/\/7gx.f64.myftpupload.com\/#organization\",\"name\":\"FAINC Bridges of Hope\",\"url\":\"https:\/\/7gx.f64.myftpupload.com\/\",\"logo\":{\"@type\":\"ImageObject\",\"inLanguage\":\"es\",\"@id\":\"https:\/\/7gx.f64.myftpupload.com\/#\/schema\/logo\/image\/\",\"url\":\"https:\/\/bridges-of-hope.org\/wp-content\/uploads\/2024\/03\/logo-fainc-bridges-of-hope.png\",\"contentUrl\":\"https:\/\/bridges-of-hope.org\/wp-content\/uploads\/2024\/03\/logo-fainc-bridges-of-hope.png\",\"width\":1000,\"height\":300,\"caption\":\"FAINC Bridges of Hope\"},\"image\":{\"@id\":\"https:\/\/7gx.f64.myftpupload.com\/#\/schema\/logo\/image\/\"},\"sameAs\":[\"https:\/\/www.facebook.com\/profile.php?id=61567723557187\",\"https:\/\/x.com\/FHope68779\",\"https:\/\/www.instagram.com\/agrolibanofainc\",\"https:\/\/www.linkedin.com\/company\/fainc-bridges-of-hope\/\",\"https:\/\/www.youtube.com\/@fundacionagrolibanoinc\"]}]}<\/script>\n<!-- \/ Yoast SEO plugin. -->","yoast_head_json":{"title":"First Steps - FAINC Bridges of Hope","robots":{"index":"index","follow":"follow","max-snippet":"max-snippet:-1","max-image-preview":"max-image-preview:large","max-video-preview":"max-video-preview:-1"},"canonical":"https:\/\/7gx.f64.myftpupload.com\/first-steps\/","og_locale":"es_ES","og_type":"article","og_title":"First Steps - FAINC Bridges of Hope","og_description":"First Steps The First Steps Program supports children under six in rural southern Honduras, where 89% of households face poverty. We focus on nutrition and early stimulation, serving over 1,300 children in 18 communities. Since 2013, we\u2019ve reduced malnutrition from 14.7% to 4.3% through assessments, education, and home visits. Despite COVID-19, we aim to keep [&hellip;]","og_url":"https:\/\/7gx.f64.myftpupload.com\/first-steps\/","og_site_name":"FAINC Bridges of Hope","article_publisher":"https:\/\/www.facebook.com\/profile.php?id=61567723557187","article_modified_time":"2025-09-22T23:52:12+00:00","og_image":[{"url":"https:\/\/7gx.f64.myftpupload.com\/wp-content\/uploads\/2024\/10\/shape2.png","type":"","width":"","height":""}],"twitter_card":"summary_large_image","twitter_site":"@FHope68779","schema":{"@context":"https:\/\/schema.org","@graph":[{"@type":"WebPage","@id":"https:\/\/7gx.f64.myftpupload.com\/first-steps\/","url":"https:\/\/7gx.f64.myftpupload.com\/first-steps\/","name":"First Steps - FAINC Bridges of Hope","isPartOf":{"@id":"https:\/\/7gx.f64.myftpupload.com\/#website"},"primaryImageOfPage":{"@id":"https:\/\/7gx.f64.myftpupload.com\/first-steps\/#primaryimage"},"image":{"@id":"https:\/\/7gx.f64.myftpupload.com\/first-steps\/#primaryimage"},"thumbnailUrl":"https:\/\/bridges-of-hope.org\/wp-content\/uploads\/2024\/10\/shape2.png","datePublished":"2024-10-09T17:58:06+00:00","dateModified":"2025-09-22T23:52:12+00:00","breadcrumb":{"@id":"https:\/\/7gx.f64.myftpupload.com\/first-steps\/#breadcrumb"},"inLanguage":"es","potentialAction":[{"@type":"ReadAction","target":["https:\/\/7gx.f64.myftpupload.com\/first-steps\/"]}]},{"@type":"ImageObject","inLanguage":"es","@id":"https:\/\/7gx.f64.myftpupload.com\/first-steps\/#primaryimage","url":"https:\/\/bridges-of-hope.org\/wp-content\/uploads\/2024\/10\/shape2.png","contentUrl":"https:\/\/bridges-of-hope.org\/wp-content\/uploads\/2024\/10\/shape2.png"},{"@type":"BreadcrumbList","@id":"https:\/\/7gx.f64.myftpupload.com\/first-steps\/#breadcrumb","itemListElement":[{"@type":"ListItem","position":1,"name":"Home","item":"https:\/\/bridges-of-hope.org\/"},{"@type":"ListItem","position":2,"name":"First Steps"}]},{"@type":"WebSite","@id":"https:\/\/7gx.f64.myftpupload.com\/#website","url":"https:\/\/7gx.f64.myftpupload.com\/","name":"FAINC Bridges of Hope","description":"Hope Connecting Lives","publisher":{"@id":"https:\/\/7gx.f64.myftpupload.com\/#organization"},"potentialAction":[{"@type":"SearchAction","target":{"@type":"EntryPoint","urlTemplate":"https:\/\/7gx.f64.myftpupload.com\/?s={search_term_string}"},"query-input":{"@type":"PropertyValueSpecification","valueRequired":true,"valueName":"search_term_string"}}],"inLanguage":"es"},{"@type":"Organization","@id":"https:\/\/7gx.f64.myftpupload.com\/#organization","name":"FAINC Bridges of Hope","url":"https:\/\/7gx.f64.myftpupload.com\/","logo":{"@type":"ImageObject","inLanguage":"es","@id":"https:\/\/7gx.f64.myftpupload.com\/#\/schema\/logo\/image\/","url":"https:\/\/bridges-of-hope.org\/wp-content\/uploads\/2024\/03\/logo-fainc-bridges-of-hope.png","contentUrl":"https:\/\/bridges-of-hope.org\/wp-content\/uploads\/2024\/03\/logo-fainc-bridges-of-hope.png","width":1000,"height":300,"caption":"FAINC Bridges of Hope"},"image":{"@id":"https:\/\/7gx.f64.myftpupload.com\/#\/schema\/logo\/image\/"},"sameAs":["https:\/\/www.facebook.com\/profile.php?id=61567723557187","https:\/\/x.com\/FHope68779","https:\/\/www.instagram.com\/agrolibanofainc","https:\/\/www.linkedin.com\/company\/fainc-bridges-of-hope\/","https:\/\/www.youtube.com\/@fundacionagrolibanoinc"]}]}},"campaignId":"","_links":{"self":[{"href":"https:\/\/bridges-of-hope.org\/es\/wp-json\/wp\/v2\/pages\/28431","targetHints":{"allow":["GET"]}}],"collection":[{"href":"https:\/\/bridges-of-hope.org\/es\/wp-json\/wp\/v2\/pages"}],"about":[{"href":"https:\/\/bridges-of-hope.org\/es\/wp-json\/wp\/v2\/types\/page"}],"author":[{"embeddable":true,"href":"https:\/\/bridges-of-hope.org\/es\/wp-json\/wp\/v2\/users\/6"}],"replies":[{"embeddable":true,"href":"https:\/\/bridges-of-hope.org\/es\/wp-json\/wp\/v2\/comments?post=28431"}],"version-history":[{"count":41,"href":"https:\/\/bridges-of-hope.org\/es\/wp-json\/wp\/v2\/pages\/28431\/revisions"}],"predecessor-version":[{"id":32971,"href":"https:\/\/bridges-of-hope.org\/es\/wp-json\/wp\/v2\/pages\/28431\/revisions\/32971"}],"wp:attachment":[{"href":"https:\/\/bridges-of-hope.org\/es\/wp-json\/wp\/v2\/media?parent=28431"}],"curies":[{"name":"wp","href":"https:\/\/api.w.org\/{rel}","templated":true}]}}