{"id":27073,"date":"2024-03-28T12:40:14","date_gmt":"2024-03-28T12:40:14","guid":{"rendered":"https:\/\/amity.keydesign.xyz\/charity\/?page_id=27073"},"modified":"2025-11-26T16:02:15","modified_gmt":"2025-11-26T16:02:15","slug":"contact-us","status":"publish","type":"page","link":"https:\/\/bridges-of-hope.org\/es\/contact-us\/","title":{"rendered":"Cont\u00e1ctanos"},"content":{"rendered":"<div data-elementor-type=\"wp-page\" data-elementor-id=\"27073\" class=\"elementor elementor-27073\">\n\t\t\t\t<div class=\"elementor-element elementor-element-c315372 e-flex e-con-boxed e-con e-parent\" data-id=\"c315372\" data-element_type=\"container\" data-e-type=\"container\" data-settings=\"{&quot;background_background&quot;:&quot;classic&quot;}\">\n\t\t\t\t\t<div class=\"e-con-inner\">\n\t\t<div class=\"elementor-element elementor-element-d603ede e-con-full e-flex e-con e-child\" data-id=\"d603ede\" data-element_type=\"container\" data-e-type=\"container\">\n\t\t<div class=\"elementor-element elementor-element-0c19e23 e-con-full e-flex e-con e-child\" data-id=\"0c19e23\" data-element_type=\"container\" data-e-type=\"container\">\n\t\t\t\t<div class=\"elementor-element elementor-element-4e38572 elementor-widget__width-initial animated-fast elementor-invisible elementor-widget elementor-widget-elementskit-heading\" data-id=\"4e38572\" data-element_type=\"widget\" data-e-type=\"widget\" data-settings=\"{&quot;_animation&quot;:&quot;fadeIn&quot;,&quot;_animation_delay&quot;:100,&quot;ekit_we_effect_on&quot;:&quot;none&quot;}\" data-widget_type=\"elementskit-heading.default\">\n\t\t\t\t<div class=\"elementor-widget-container\">\n\t\t\t\t\t<div class=\"ekit-wid-con\" ><div class=\"ekit-heading elementskit-section-title-wraper text_left   ekit_heading_tablet-   ekit_heading_mobile-\"><h2 class=\"ekit-heading--title elementskit-section-title\">Con\u00e9ctate con nosotros para crear cambios <span><span>juntos<\/span><\/span><\/h2>\t\t\t\t<div class='ekit-heading__description'>\n\t\t\t\t\t<p>Comun\u00edquese con nosotros para obtener m\u00e1s informaci\u00f3n sobre nuestros programas o para compartir sus ideas y apoyo a nuestra misi\u00f3n.<\/p>\n\t\t\t\t<\/div>\n\t\t\t<\/div><\/div>\t\t\t\t<\/div>\n\t\t\t\t<\/div>\n\t\t<div class=\"elementor-element elementor-element-c13e1f0 e-con-full e-flex e-con e-child\" data-id=\"c13e1f0\" data-element_type=\"container\" data-e-type=\"container\">\n\t\t<div class=\"elementor-element elementor-element-665fd5d e-con-full animated-fast e-flex elementor-invisible e-con e-child\" data-id=\"665fd5d\" data-element_type=\"container\" data-e-type=\"container\" data-settings=\"{&quot;animation&quot;:&quot;fadeIn&quot;,&quot;animation_delay&quot;:100}\">\n\t\t\t\t<div class=\"elementor-element elementor-element-560cade elementor-widget__width-initial elementor-widget elementor-widget-elementskit-heading\" data-id=\"560cade\" data-element_type=\"widget\" data-e-type=\"widget\" data-settings=\"{&quot;ekit_we_effect_on&quot;:&quot;none&quot;}\" data-widget_type=\"elementskit-heading.default\">\n\t\t\t\t<div class=\"elementor-widget-container\">\n\t\t\t\t\t<div class=\"ekit-wid-con\" ><div class=\"ekit-heading elementskit-section-title-wraper text_left   ekit_heading_tablet-   ekit_heading_mobile-\"><h5 class=\"ekit-heading--title elementskit-section-title\">Correo electr\u00f3nico<\/h5>\t\t\t\t<div class='ekit-heading__description'>\n\t\t\t\t\t<p><a href=\"mailto:foundation@bridges-of-hope.org\" target=\"_blank\" rel=\"noopener\"><span class=\"elementor-icon-list-text\">foundation@bridges-of-hope.org<\/span><\/a><\/p>\n\t\t\t\t<\/div>\n\t\t\t<\/div><\/div>\t\t\t\t<\/div>\n\t\t\t\t<\/div>\n\t\t\t\t<div class=\"elementor-element elementor-element-4d4c6bb elementor-widget__width-initial elementor-widget elementor-widget-elementskit-heading\" data-id=\"4d4c6bb\" data-element_type=\"widget\" data-e-type=\"widget\" data-settings=\"{&quot;ekit_we_effect_on&quot;:&quot;none&quot;}\" data-widget_type=\"elementskit-heading.default\">\n\t\t\t\t<div class=\"elementor-widget-container\">\n\t\t\t\t\t<div class=\"ekit-wid-con\" ><div class=\"ekit-heading elementskit-section-title-wraper text_left   ekit_heading_tablet-   ekit_heading_mobile-\"><h5 class=\"ekit-heading--title elementskit-section-title\">WhatsApp<\/h5>\t\t\t\t<div class='ekit-heading__description'>\n\t\t\t\t\t<p>+1 786 564 3353<\/p>\n\t\t\t\t<\/div>\n\t\t\t<\/div><\/div>\t\t\t\t<\/div>\n\t\t\t\t<\/div>\n\t\t\t\t<div class=\"elementor-element elementor-element-5efc278 elementor-widget__width-initial elementor-widget elementor-widget-elementskit-heading\" data-id=\"5efc278\" data-element_type=\"widget\" data-e-type=\"widget\" data-settings=\"{&quot;ekit_we_effect_on&quot;:&quot;none&quot;}\" data-widget_type=\"elementskit-heading.default\">\n\t\t\t\t<div class=\"elementor-widget-container\">\n\t\t\t\t\t<div class=\"ekit-wid-con\" ><div class=\"ekit-heading elementskit-section-title-wraper text_left   ekit_heading_tablet-   ekit_heading_mobile-\"><h5 class=\"ekit-heading--title elementskit-section-title\">Direcci\u00f3n<\/h5>\t\t\t\t<div class='ekit-heading__description'>\n\t\t\t\t\t<p>1331 Brickell Bay Drive, Apt 801, Miami, FL, 33131<\/p>\n\t\t\t\t<\/div>\n\t\t\t<\/div><\/div>\t\t\t\t<\/div>\n\t\t\t\t<\/div>\n\t\t\t\t<\/div>\n\t\t\t\t<\/div>\n\t\t\t\t<\/div>\n\t\t<div class=\"elementor-element elementor-element-0b4b187 e-con-full animated-fast e-flex elementor-invisible e-con e-child\" data-id=\"0b4b187\" data-element_type=\"container\" data-e-type=\"container\" data-settings=\"{&quot;background_background&quot;:&quot;classic&quot;,&quot;animation&quot;:&quot;fadeInUp&quot;,&quot;animation_delay&quot;:200}\">\n\t\t\t\t<div class=\"elementor-element elementor-element-8cd539a elementor-widget__width-initial elementor-widget elementor-widget-elementskit-heading\" data-id=\"8cd539a\" data-element_type=\"widget\" data-e-type=\"widget\" data-settings=\"{&quot;ekit_we_effect_on&quot;:&quot;none&quot;}\" data-widget_type=\"elementskit-heading.default\">\n\t\t\t\t<div class=\"elementor-widget-container\">\n\t\t\t\t\t<div class=\"ekit-wid-con\" ><div class=\"ekit-heading elementskit-section-title-wraper text_left   ekit_heading_tablet-   ekit_heading_mobile-\"><h4 class=\"ekit-heading--title elementskit-section-title\">Manteng\u00e1monos en contacto<\/h4>\t\t\t\t<div class='ekit-heading__description'>\n\t\t\t\t\t<p>Nos encantar\u00eda recibir sus comentarios y nos comunicaremos con usted dentro de las 24 horas.<\/p>\n\t\t\t\t<\/div>\n\t\t\t<\/div><\/div>\t\t\t\t<\/div>\n\t\t\t\t<\/div>\n\t\t\t\t<div class=\"elementor-element elementor-element-554551a elementor-widget elementor-widget-elementskit-contact-form7\" data-id=\"554551a\" data-element_type=\"widget\" data-e-type=\"widget\" data-settings=\"{&quot;ekit_we_effect_on&quot;:&quot;none&quot;}\" data-widget_type=\"elementskit-contact-form7.default\">\n\t\t\t\t<div class=\"elementor-widget-container\">\n\t\t\t\t\t<div class=\"ekit-wid-con\" ><div class=\"ekit-form\">\n<div class=\"wpcf7 no-js\" id=\"wpcf7-f10448-o1\" lang=\"en-US\" dir=\"ltr\" data-wpcf7-id=\"10448\">\n<div class=\"screen-reader-response\"><p role=\"status\" aria-live=\"polite\" aria-atomic=\"true\"><\/p> <ul><\/ul><\/div>\n<form action=\"\/es\/wp-json\/wp\/v2\/pages\/27073#wpcf7-f10448-o1\" method=\"post\" class=\"wpcf7-form init\" aria-label=\"Contact form\" novalidate=\"novalidate\" data-status=\"init\" data-trp-original-action=\"\/es\/wp-json\/wp\/v2\/pages\/27073#wpcf7-f10448-o1\">\n<fieldset class=\"hidden-fields-container\"><input type=\"hidden\" name=\"_wpcf7\" value=\"10448\" \/><input type=\"hidden\" name=\"_wpcf7_version\" value=\"6.1.5\" \/><input type=\"hidden\" name=\"_wpcf7_locale\" value=\"en_US\" \/><input type=\"hidden\" name=\"_wpcf7_unit_tag\" value=\"wpcf7-f10448-o1\" \/><input type=\"hidden\" name=\"_wpcf7_container_post\" value=\"0\" \/><input type=\"hidden\" name=\"_wpcf7_posted_data_hash\" value=\"\" \/><input type=\"hidden\" name=\"_wpcf7_recaptcha_response\" value=\"\" \/>\n<\/fieldset>\n<div class=\"keydesign-label\">\n\t<p><label>Nombre<\/label><span class=\"wpcf7-form-control-wrap\" data-name=\"your-name\"><input size=\"40\" maxlength=\"400\" class=\"wpcf7-form-control wpcf7-text wpcf7-validates-as-required\" aria-required=\"true\" aria-invalid=\"false\" value=\"\" type=\"text\" name=\"your-name\" \/><\/span>\n\t<\/p>\n<\/div>\n<div class=\"keydesign-label\">\n\t<p><label>Correo electr\u00f3nico<\/label><span class=\"wpcf7-form-control-wrap\" data-name=\"your-email\"><input size=\"40\" maxlength=\"400\" class=\"wpcf7-form-control wpcf7-email wpcf7-validates-as-required wpcf7-text wpcf7-validates-as-email\" aria-required=\"true\" aria-invalid=\"false\" value=\"\" type=\"email\" name=\"your-email\" \/><\/span>\n\t<\/p>\n<\/div>\n<div class=\"keydesign-label\">\n\t<p><label>Mensaje<\/label><span class=\"wpcf7-form-control-wrap\" data-name=\"your-message\"><textarea cols=\"40\" rows=\"10\" maxlength=\"2000\" class=\"wpcf7-form-control wpcf7-textarea\" aria-invalid=\"false\" name=\"your-message\"><\/textarea><\/span>\n\t<\/p>\n<\/div>\n<p><input class=\"wpcf7-form-control wpcf7-submit has-spinner\" type=\"submit\" value=\"Enviar\" \/>\n<\/p><div class=\"wpcf7-response-output\" aria-hidden=\"true\"><\/div>\n<input type=\"hidden\" name=\"trp-form-language\" value=\"es\"\/><\/form>\n<\/div>\n<\/div><\/div>\t\t\t\t<\/div>\n\t\t\t\t<\/div>\n\t\t\t\t<\/div>\n\t\t\t\t<div class=\"elementor-element elementor-element-5313891 elementor-absolute animated-fast elementor-hidden-tablet elementor-hidden-mobile elementor-invisible elementor-widget elementor-widget-image\" data-id=\"5313891\" data-element_type=\"widget\" data-e-type=\"widget\" data-settings=\"{&quot;_position&quot;:&quot;absolute&quot;,&quot;ekit_we_effect_on&quot;:&quot;onscroll&quot;,&quot;ekit_we_scroll_animation_value&quot;:100,&quot;ekit_we_scroll_smoothness&quot;:0,&quot;_animation&quot;:&quot;fadeIn&quot;,&quot;_animation_delay&quot;:200,&quot;ekit_we_scroll_animation&quot;:&quot;translateY&quot;,&quot;ekit_we_scroll_offsettop&quot;:0,&quot;ekit_we_scroll_offsetbottom&quot;:0}\" data-widget_type=\"image.default\">\n\t\t\t\t<div class=\"elementor-widget-container\">\n\t\t\t\t\t\t\t\t\t\t\t\t\t\t\t<img decoding=\"async\" width=\"81\" height=\"80\" src=\"https:\/\/bridges-of-hope.org\/wp-content\/uploads\/2024\/10\/shap1-1.png\" class=\"attachment-full size-full wp-image-28327\" alt=\"\" \/>\t\t\t\t\t\t\t\t\t\t\t\t\t\t\t<\/div>\n\t\t\t\t<\/div>\n\t\t\t\t<div class=\"elementor-element elementor-element-9ab1f73 elementor-absolute animated-fast elementor-hidden-mobile elementor-invisible elementor-widget elementor-widget-image\" data-id=\"9ab1f73\" data-element_type=\"widget\" data-e-type=\"widget\" data-settings=\"{&quot;_position&quot;:&quot;absolute&quot;,&quot;ekit_we_effect_on&quot;:&quot;onscroll&quot;,&quot;ekit_we_scroll_animation_value&quot;:100,&quot;ekit_we_scroll_smoothness&quot;:0,&quot;_animation&quot;:&quot;zoomIn&quot;,&quot;_animation_delay&quot;:200,&quot;ekit_we_scroll_animation&quot;:&quot;translateY&quot;,&quot;ekit_we_scroll_offsettop&quot;:0,&quot;ekit_we_scroll_offsetbottom&quot;:0}\" data-widget_type=\"image.default\">\n\t\t\t\t<div class=\"elementor-widget-container\">\n\t\t\t\t\t\t\t\t\t\t\t\t\t\t\t<img decoding=\"async\" width=\"108\" height=\"167\" src=\"https:\/\/bridges-of-hope.org\/wp-content\/uploads\/2024\/10\/shape2.png\" class=\"attachment-full size-full wp-image-28316\" alt=\"\" \/>\t\t\t\t\t\t\t\t\t\t\t\t\t\t\t<\/div>\n\t\t\t\t<\/div>\n\t\t\t\t<\/div>\n\t\t\t\t\t<\/div>\n\t\t\t\t<\/div>\n\t\t\t\t<\/div>","protected":false},"excerpt":{"rendered":"<p>Connect with us to create changes together Reach out to learn more about our programs, or to share your ideas and support for our mission. Email address foundation@bridges-of-hope.org WhatsApp +1 786 564 3353 Address 1331 Brickell Bay Drive, Apt 801, Miami, FL, 33131 Let&#8217;s keep in touch We\u2019d love your feedback and will get back [&hellip;]<\/p>\n","protected":false},"author":6,"featured_media":0,"parent":0,"menu_order":0,"comment_status":"closed","ping_status":"closed","template":"","meta":{"give_campaign_id":0,"footnotes":""},"class_list":["post-27073","page","type-page","status-publish","hentry"],"yoast_head":"<!-- This site is optimized with the Yoast SEO plugin v27.1.1 - https:\/\/yoast.com\/product\/yoast-seo-wordpress\/ -->\n<title>Contact Us - FAINC Bridges of Hope<\/title>\n<meta name=\"description\" content=\"Contact Bridges of Hope to learn how to donate, volunteer, or partner with us to strengthen communities and create lasting impact in rural southern Honduras.\" \/>\n<meta name=\"robots\" content=\"index, follow, max-snippet:-1, max-image-preview:large, max-video-preview:-1\" \/>\n<link rel=\"canonical\" href=\"https:\/\/7gx.f64.myftpupload.com\/contact-us\/\" \/>\n<meta property=\"og:locale\" content=\"es_ES\" \/>\n<meta property=\"og:type\" content=\"article\" \/>\n<meta property=\"og:title\" content=\"Contact Us - FAINC Bridges of Hope\" \/>\n<meta property=\"og:description\" content=\"Contact Bridges of Hope to learn how to donate, volunteer, or partner with us to strengthen communities and create lasting impact in rural southern Honduras.\" \/>\n<meta property=\"og:url\" content=\"https:\/\/7gx.f64.myftpupload.com\/contact-us\/\" \/>\n<meta property=\"og:site_name\" content=\"FAINC Bridges of Hope\" \/>\n<meta property=\"article:publisher\" content=\"https:\/\/www.facebook.com\/profile.php?id=61567723557187\" \/>\n<meta property=\"article:modified_time\" content=\"2025-11-26T16:02:15+00:00\" \/>\n<meta property=\"og:image\" content=\"https:\/\/7gx.f64.myftpupload.com\/wp-content\/uploads\/2024\/10\/shap1-1.png\" \/>\n<meta name=\"twitter:card\" content=\"summary_large_image\" \/>\n<meta name=\"twitter:site\" content=\"@FHope68779\" \/>\n<meta name=\"twitter:label1\" content=\"Tiempo de lectura\" \/>\n\t<meta name=\"twitter:data1\" content=\"1 minuto\" \/>\n<script type=\"application\/ld+json\" class=\"yoast-schema-graph\">{\"@context\":\"https:\/\/schema.org\",\"@graph\":[{\"@type\":\"WebPage\",\"@id\":\"https:\/\/7gx.f64.myftpupload.com\/contact-us\/\",\"url\":\"https:\/\/7gx.f64.myftpupload.com\/contact-us\/\",\"name\":\"Contact Us - FAINC Bridges of Hope\",\"isPartOf\":{\"@id\":\"https:\/\/7gx.f64.myftpupload.com\/#website\"},\"primaryImageOfPage\":{\"@id\":\"https:\/\/7gx.f64.myftpupload.com\/contact-us\/#primaryimage\"},\"image\":{\"@id\":\"https:\/\/7gx.f64.myftpupload.com\/contact-us\/#primaryimage\"},\"thumbnailUrl\":\"https:\/\/bridges-of-hope.org\/wp-content\/uploads\/2024\/10\/shap1-1.png\",\"datePublished\":\"2024-03-28T12:40:14+00:00\",\"dateModified\":\"2025-11-26T16:02:15+00:00\",\"description\":\"Contact Bridges of Hope to learn how to donate, volunteer, or partner with us to strengthen communities and create lasting impact in rural southern Honduras.\",\"breadcrumb\":{\"@id\":\"https:\/\/7gx.f64.myftpupload.com\/contact-us\/#breadcrumb\"},\"inLanguage\":\"es\",\"potentialAction\":[{\"@type\":\"ReadAction\",\"target\":[\"https:\/\/7gx.f64.myftpupload.com\/contact-us\/\"]}]},{\"@type\":\"ImageObject\",\"inLanguage\":\"es\",\"@id\":\"https:\/\/7gx.f64.myftpupload.com\/contact-us\/#primaryimage\",\"url\":\"https:\/\/bridges-of-hope.org\/wp-content\/uploads\/2024\/10\/shap1-1.png\",\"contentUrl\":\"https:\/\/bridges-of-hope.org\/wp-content\/uploads\/2024\/10\/shap1-1.png\"},{\"@type\":\"BreadcrumbList\",\"@id\":\"https:\/\/7gx.f64.myftpupload.com\/contact-us\/#breadcrumb\",\"itemListElement\":[{\"@type\":\"ListItem\",\"position\":1,\"name\":\"Home\",\"item\":\"https:\/\/bridges-of-hope.org\/\"},{\"@type\":\"ListItem\",\"position\":2,\"name\":\"Contact Us\"}]},{\"@type\":\"WebSite\",\"@id\":\"https:\/\/7gx.f64.myftpupload.com\/#website\",\"url\":\"https:\/\/7gx.f64.myftpupload.com\/\",\"name\":\"FAINC Bridges of Hope\",\"description\":\"Hope Connecting Lives\",\"publisher\":{\"@id\":\"https:\/\/7gx.f64.myftpupload.com\/#organization\"},\"potentialAction\":[{\"@type\":\"SearchAction\",\"target\":{\"@type\":\"EntryPoint\",\"urlTemplate\":\"https:\/\/7gx.f64.myftpupload.com\/?s={search_term_string}\"},\"query-input\":{\"@type\":\"PropertyValueSpecification\",\"valueRequired\":true,\"valueName\":\"search_term_string\"}}],\"inLanguage\":\"es\"},{\"@type\":\"Organization\",\"@id\":\"https:\/\/7gx.f64.myftpupload.com\/#organization\",\"name\":\"FAINC Bridges of Hope\",\"url\":\"https:\/\/7gx.f64.myftpupload.com\/\",\"logo\":{\"@type\":\"ImageObject\",\"inLanguage\":\"es\",\"@id\":\"https:\/\/7gx.f64.myftpupload.com\/#\/schema\/logo\/image\/\",\"url\":\"https:\/\/bridges-of-hope.org\/wp-content\/uploads\/2024\/03\/logo-fainc-bridges-of-hope.png\",\"contentUrl\":\"https:\/\/bridges-of-hope.org\/wp-content\/uploads\/2024\/03\/logo-fainc-bridges-of-hope.png\",\"width\":1000,\"height\":300,\"caption\":\"FAINC Bridges of Hope\"},\"image\":{\"@id\":\"https:\/\/7gx.f64.myftpupload.com\/#\/schema\/logo\/image\/\"},\"sameAs\":[\"https:\/\/www.facebook.com\/profile.php?id=61567723557187\",\"https:\/\/x.com\/FHope68779\",\"https:\/\/www.instagram.com\/agrolibanofainc\",\"https:\/\/www.linkedin.com\/company\/fainc-bridges-of-hope\/\",\"https:\/\/www.youtube.com\/@fundacionagrolibanoinc\"]}]}<\/script>\n<!-- \/ Yoast SEO plugin. -->","yoast_head_json":{"title":"Contact Us - FAINC Bridges of Hope","description":"Contact Bridges of Hope to learn how to donate, volunteer, or partner with us to strengthen communities and create lasting impact in rural southern Honduras.","robots":{"index":"index","follow":"follow","max-snippet":"max-snippet:-1","max-image-preview":"max-image-preview:large","max-video-preview":"max-video-preview:-1"},"canonical":"https:\/\/7gx.f64.myftpupload.com\/contact-us\/","og_locale":"es_ES","og_type":"article","og_title":"Contact Us - FAINC Bridges of Hope","og_description":"Contact Bridges of Hope to learn how to donate, volunteer, or partner with us to strengthen communities and create lasting impact in rural southern Honduras.","og_url":"https:\/\/7gx.f64.myftpupload.com\/contact-us\/","og_site_name":"FAINC Bridges of Hope","article_publisher":"https:\/\/www.facebook.com\/profile.php?id=61567723557187","article_modified_time":"2025-11-26T16:02:15+00:00","og_image":[{"url":"https:\/\/7gx.f64.myftpupload.com\/wp-content\/uploads\/2024\/10\/shap1-1.png","type":"","width":"","height":""}],"twitter_card":"summary_large_image","twitter_site":"@FHope68779","twitter_misc":{"Tiempo de lectura":"1 minuto"},"schema":{"@context":"https:\/\/schema.org","@graph":[{"@type":"WebPage","@id":"https:\/\/7gx.f64.myftpupload.com\/contact-us\/","url":"https:\/\/7gx.f64.myftpupload.com\/contact-us\/","name":"Contact Us - FAINC Bridges of Hope","isPartOf":{"@id":"https:\/\/7gx.f64.myftpupload.com\/#website"},"primaryImageOfPage":{"@id":"https:\/\/7gx.f64.myftpupload.com\/contact-us\/#primaryimage"},"image":{"@id":"https:\/\/7gx.f64.myftpupload.com\/contact-us\/#primaryimage"},"thumbnailUrl":"https:\/\/bridges-of-hope.org\/wp-content\/uploads\/2024\/10\/shap1-1.png","datePublished":"2024-03-28T12:40:14+00:00","dateModified":"2025-11-26T16:02:15+00:00","description":"Contact Bridges of Hope to learn how to donate, volunteer, or partner with us to strengthen communities and create lasting impact in rural southern Honduras.","breadcrumb":{"@id":"https:\/\/7gx.f64.myftpupload.com\/contact-us\/#breadcrumb"},"inLanguage":"es","potentialAction":[{"@type":"ReadAction","target":["https:\/\/7gx.f64.myftpupload.com\/contact-us\/"]}]},{"@type":"ImageObject","inLanguage":"es","@id":"https:\/\/7gx.f64.myftpupload.com\/contact-us\/#primaryimage","url":"https:\/\/bridges-of-hope.org\/wp-content\/uploads\/2024\/10\/shap1-1.png","contentUrl":"https:\/\/bridges-of-hope.org\/wp-content\/uploads\/2024\/10\/shap1-1.png"},{"@type":"BreadcrumbList","@id":"https:\/\/7gx.f64.myftpupload.com\/contact-us\/#breadcrumb","itemListElement":[{"@type":"ListItem","position":1,"name":"Home","item":"https:\/\/bridges-of-hope.org\/"},{"@type":"ListItem","position":2,"name":"Contact Us"}]},{"@type":"WebSite","@id":"https:\/\/7gx.f64.myftpupload.com\/#website","url":"https:\/\/7gx.f64.myftpupload.com\/","name":"FAINC Bridges of Hope","description":"Hope Connecting Lives","publisher":{"@id":"https:\/\/7gx.f64.myftpupload.com\/#organization"},"potentialAction":[{"@type":"SearchAction","target":{"@type":"EntryPoint","urlTemplate":"https:\/\/7gx.f64.myftpupload.com\/?s={search_term_string}"},"query-input":{"@type":"PropertyValueSpecification","valueRequired":true,"valueName":"search_term_string"}}],"inLanguage":"es"},{"@type":"Organization","@id":"https:\/\/7gx.f64.myftpupload.com\/#organization","name":"FAINC Bridges of Hope","url":"https:\/\/7gx.f64.myftpupload.com\/","logo":{"@type":"ImageObject","inLanguage":"es","@id":"https:\/\/7gx.f64.myftpupload.com\/#\/schema\/logo\/image\/","url":"https:\/\/bridges-of-hope.org\/wp-content\/uploads\/2024\/03\/logo-fainc-bridges-of-hope.png","contentUrl":"https:\/\/bridges-of-hope.org\/wp-content\/uploads\/2024\/03\/logo-fainc-bridges-of-hope.png","width":1000,"height":300,"caption":"FAINC Bridges of Hope"},"image":{"@id":"https:\/\/7gx.f64.myftpupload.com\/#\/schema\/logo\/image\/"},"sameAs":["https:\/\/www.facebook.com\/profile.php?id=61567723557187","https:\/\/x.com\/FHope68779","https:\/\/www.instagram.com\/agrolibanofainc","https:\/\/www.linkedin.com\/company\/fainc-bridges-of-hope\/","https:\/\/www.youtube.com\/@fundacionagrolibanoinc"]}]}},"campaignId":"","_links":{"self":[{"href":"https:\/\/bridges-of-hope.org\/es\/wp-json\/wp\/v2\/pages\/27073","targetHints":{"allow":["GET"]}}],"collection":[{"href":"https:\/\/bridges-of-hope.org\/es\/wp-json\/wp\/v2\/pages"}],"about":[{"href":"https:\/\/bridges-of-hope.org\/es\/wp-json\/wp\/v2\/types\/page"}],"author":[{"embeddable":true,"href":"https:\/\/bridges-of-hope.org\/es\/wp-json\/wp\/v2\/users\/6"}],"replies":[{"embeddable":true,"href":"https:\/\/bridges-of-hope.org\/es\/wp-json\/wp\/v2\/comments?post=27073"}],"version-history":[{"count":19,"href":"https:\/\/bridges-of-hope.org\/es\/wp-json\/wp\/v2\/pages\/27073\/revisions"}],"predecessor-version":[{"id":29010,"href":"https:\/\/bridges-of-hope.org\/es\/wp-json\/wp\/v2\/pages\/27073\/revisions\/29010"}],"wp:attachment":[{"href":"https:\/\/bridges-of-hope.org\/es\/wp-json\/wp\/v2\/media?parent=27073"}],"curies":[{"name":"wp","href":"https:\/\/api.w.org\/{rel}","templated":true}]}}