{"id":27069,"date":"2024-03-28T12:39:51","date_gmt":"2024-03-28T12:39:51","guid":{"rendered":"https:\/\/amity.keydesign.xyz\/charity\/?page_id=27069"},"modified":"2024-10-18T16:57:29","modified_gmt":"2024-10-18T16:57:29","slug":"privacy-policy","status":"publish","type":"page","link":"https:\/\/bridges-of-hope.org\/es\/privacy-policy\/","title":{"rendered":"Pol\u00edtica de Privacidad"},"content":{"rendered":"<div data-elementor-type=\"wp-page\" data-elementor-id=\"27069\" class=\"elementor elementor-27069\">\n\t\t\t\t<div class=\"elementor-element elementor-element-103557f e-flex e-con-boxed e-con e-parent\" data-id=\"103557f\" data-element_type=\"container\" data-e-type=\"container\" data-settings=\"{&quot;background_background&quot;:&quot;classic&quot;}\">\n\t\t\t\t\t<div class=\"e-con-inner\">\n\t\t<div class=\"elementor-element elementor-element-35e6b75 e-con-full e-flex e-con e-child\" data-id=\"35e6b75\" data-element_type=\"container\" data-e-type=\"container\">\n\t\t\t\t<div class=\"elementor-element elementor-element-da79cbf elementor-widget elementor-widget-elementskit-heading\" data-id=\"da79cbf\" data-element_type=\"widget\" data-e-type=\"widget\" data-settings=\"{&quot;ekit_we_effect_on&quot;:&quot;css&quot;}\" data-widget_type=\"elementskit-heading.default\">\n\t\t\t\t<div class=\"elementor-widget-container\">\n\t\t\t\t\t<div class=\"ekit-wid-con\" ><div class=\"ekit-heading elementskit-section-title-wraper text_left   ekit_heading_tablet-   ekit_heading_mobile-\"><h1 class=\"ekit-heading--title elementskit-section-title\">Pol\u00edtica de Privacidad<\/h1><\/div><\/div>\t\t\t\t<\/div>\n\t\t\t\t<\/div>\n\t\t\t\t<\/div>\n\t\t\t\t\t<\/div>\n\t\t\t\t<\/div>\n\t\t<div class=\"elementor-element elementor-element-48c4ffc e-flex e-con-boxed e-con e-parent\" data-id=\"48c4ffc\" data-element_type=\"container\" data-e-type=\"container\" data-settings=\"{&quot;animation&quot;:&quot;none&quot;}\">\n\t\t\t\t\t<div class=\"e-con-inner\">\n\t\t<div class=\"elementor-element elementor-element-806b297 e-con-full elementor-hidden-tablet elementor-hidden-mobile e-flex e-con e-child\" data-id=\"806b297\" data-element_type=\"container\" data-e-type=\"container\">\n\t\t<div class=\"elementor-element elementor-element-aef2ccc e-con-full ekit-sticky--top e-flex e-con e-child\" data-id=\"aef2ccc\" data-element_type=\"container\" data-e-type=\"container\" data-settings=\"{&quot;ekit_sticky&quot;:&quot;top&quot;,&quot;ekit_sticky_offset&quot;:{&quot;unit&quot;:&quot;px&quot;,&quot;size&quot;:175,&quot;sizes&quot;:[]},&quot;ekit_sticky_until&quot;:&quot;section7&quot;,&quot;ekit_sticky_offset_tablet&quot;:{&quot;unit&quot;:&quot;px&quot;,&quot;size&quot;:&quot;&quot;,&quot;sizes&quot;:[]},&quot;ekit_sticky_offset_mobile&quot;:{&quot;unit&quot;:&quot;px&quot;,&quot;size&quot;:&quot;&quot;,&quot;sizes&quot;:[]},&quot;ekit_sticky_on_desktop&quot;:&quot;desktop&quot;,&quot;ekit_sticky_effect_offset&quot;:{&quot;unit&quot;:&quot;px&quot;,&quot;size&quot;:0,&quot;sizes&quot;:[]},&quot;ekit_sticky_effect_offset_tablet&quot;:{&quot;unit&quot;:&quot;px&quot;,&quot;size&quot;:&quot;&quot;,&quot;sizes&quot;:[]},&quot;ekit_sticky_effect_offset_mobile&quot;:{&quot;unit&quot;:&quot;px&quot;,&quot;size&quot;:&quot;&quot;,&quot;sizes&quot;:[]}}\">\n\t\t\t\t<div class=\"elementor-element elementor-element-2117501 sticky-navigation elementor-hidden-tablet elementor-hidden-mobile elementor-widget elementor-widget-elementskit-stylish-list\" data-id=\"2117501\" data-element_type=\"widget\" data-e-type=\"widget\" data-settings=\"{&quot;ekit_we_effect_on&quot;:&quot;none&quot;}\" data-widget_type=\"elementskit-stylish-list.default\">\n\t\t\t\t<div class=\"elementor-widget-container\">\n\t\t\t\t\t<div class=\"ekit-wid-con\">\t\t<ul class=\"ekit-stylish-list\" >\n\t\t\t\t\t\t\t<li class=\"ekit-stylish-list-content-wrapper elementor-repeater-item-dbd1c0d\" >\n\t\t\t\t\t\t\t\t\t\t\t<a class=\"ekit-wrapper-link\" href=\"#section1\"><\/a>\n\t\t\t\t\t\t\t\t\t\t<div class=\"ekit-stylish-list-content\">\n\t\t\t\t\t\t\t\t\t\t\t\t\t\t\t\t\t\t\t\t\t\t\t\t<div class=\"ekit-stylish-list-content-text\">\n\t\t\t\t\t\t\t<span class=\"ekit-stylish-list-content-title\">Pol\u00edtica de privacidad<\/span>\n\t\t\t\t\t\t\t\t\t\t\t\t\t<\/div>\n\t\t\t\t\t\t\t\t\t\t\t<\/div>\n\t\t\t\t\t\n\t\t\t\t<\/li>\n\t\t\t\t\t\t\t\t\t\t\t<li class=\"ekit-stylish-list-content-wrapper elementor-repeater-item-54477fc\" >\n\t\t\t\t\t\t\t\t\t\t\t<a class=\"ekit-wrapper-link\" href=\"#section2\"><\/a>\n\t\t\t\t\t\t\t\t\t\t<div class=\"ekit-stylish-list-content\">\n\t\t\t\t\t\t\t\t\t\t\t\t\t\t\t\t\t\t\t\t\t\t\t\t<div class=\"ekit-stylish-list-content-text\">\n\t\t\t\t\t\t\t<span class=\"ekit-stylish-list-content-title\">Uso de rastreadores y cookies<\/span>\n\t\t\t\t\t\t\t\t\t\t\t\t\t<\/div>\n\t\t\t\t\t\t\t\t\t\t\t<\/div>\n\t\t\t\t\t\n\t\t\t\t<\/li>\n\t\t\t\t\t\t\t\t\t<\/ul>\n\t<\/div>\t\t\t\t<\/div>\n\t\t\t\t<\/div>\n\t\t\t\t<\/div>\n\t\t\t\t<\/div>\n\t\t<div class=\"elementor-element elementor-element-5d3a67a e-con-full e-flex e-con e-child\" data-id=\"5d3a67a\" data-element_type=\"container\" data-e-type=\"container\">\n\t\t<div class=\"elementor-element elementor-element-916d35d e-con-full sticky-section e-flex e-con e-child\" data-id=\"916d35d\" data-element_type=\"container\" data-e-type=\"container\" id=\"section1\">\n\t\t<div class=\"elementor-element elementor-element-c0e2ce1 e-con-full e-flex e-con e-child\" data-id=\"c0e2ce1\" data-element_type=\"container\" data-e-type=\"container\">\n\t\t\t\t<div class=\"elementor-element elementor-element-a96e41f elementor-widget elementor-widget-elementskit-heading\" data-id=\"a96e41f\" data-element_type=\"widget\" data-e-type=\"widget\" data-settings=\"{&quot;ekit_we_effect_on&quot;:&quot;none&quot;}\" data-widget_type=\"elementskit-heading.default\">\n\t\t\t\t<div class=\"elementor-widget-container\">\n\t\t\t\t\t<div class=\"ekit-wid-con\" ><div class=\"ekit-heading elementskit-section-title-wraper text_left   ekit_heading_tablet-   ekit_heading_mobile-\"><h3 class=\"ekit-heading--title elementskit-section-title\">1. Pol\u00edtica de privacidad<\/h3><\/div><\/div>\t\t\t\t<\/div>\n\t\t\t\t<\/div>\n\t\t\t\t<\/div>\n\t\t<div class=\"elementor-element elementor-element-37299ab e-con-full e-flex e-con e-child\" data-id=\"37299ab\" data-element_type=\"container\" data-e-type=\"container\">\n\t\t\t\t<div class=\"elementor-element elementor-element-ebff0ce elementor-widget elementor-widget-text-editor\" data-id=\"ebff0ce\" data-element_type=\"widget\" data-e-type=\"widget\" data-settings=\"{&quot;ekit_we_effect_on&quot;:&quot;none&quot;}\" data-widget_type=\"text-editor.default\">\n\t\t\t\t<div class=\"elementor-widget-container\">\n\t\t\t\t\t\t\t\t\t<p>Fainc: Bridges of Hope garantiza que la recopilaci\u00f3n de su informaci\u00f3n personal se mantenga siempre privada y confidencial. La organizaci\u00f3n no alquila, vende ni comercializa la informaci\u00f3n personal de sus seguidores y donantes. Fainc: Bridges of Hope recopila informaci\u00f3n sobre los visitantes de su sitio web cuando realizan una donaci\u00f3n, contribuyen a un proyecto espec\u00edfico, se inscriben en el bolet\u00edn informativo o se unen al programa de voluntariado. Ocasionalmente, le enviaremos comunicaciones que consideremos apropiadas para la naturaleza de su relaci\u00f3n con nosotros, como actualizaciones sobre el progreso y el impacto de los proyectos y programas a los que ha donado o a los que est\u00e1 interesado en donar, as\u00ed como otras noticias impactantes sobre la organizaci\u00f3n. Cualquier comunicaci\u00f3n electr\u00f3nica que reciba, ya sea por correo electr\u00f3nico o mensaje de texto (excepto los mensajes que confirman una transacci\u00f3n con nosotros), siempre incluir\u00e1 una opci\u00f3n para cancelar la suscripci\u00f3n a futuros correos.\u00a0<\/p>\t\t\t\t\t\t\t\t<\/div>\n\t\t\t\t<\/div>\n\t\t\t\t<\/div>\n\t\t\t\t<\/div>\n\t\t<div class=\"elementor-element elementor-element-7ea5a14 e-con-full sticky-section e-flex e-con e-child\" data-id=\"7ea5a14\" data-element_type=\"container\" data-e-type=\"container\" id=\"section2\">\n\t\t<div class=\"elementor-element elementor-element-434d95a e-con-full e-flex e-con e-child\" data-id=\"434d95a\" data-element_type=\"container\" data-e-type=\"container\">\n\t\t\t\t<div class=\"elementor-element elementor-element-19f5b04 elementor-widget elementor-widget-spacer\" data-id=\"19f5b04\" data-element_type=\"widget\" data-e-type=\"widget\" data-settings=\"{&quot;ekit_we_effect_on&quot;:&quot;none&quot;}\" data-widget_type=\"spacer.default\">\n\t\t\t\t<div class=\"elementor-widget-container\">\n\t\t\t\t\t\t\t<div class=\"elementor-spacer\">\n\t\t\t<div class=\"elementor-spacer-inner\"><\/div>\n\t\t<\/div>\n\t\t\t\t\t\t<\/div>\n\t\t\t\t<\/div>\n\t\t\t\t<div class=\"elementor-element elementor-element-b63af9d elementor-widget elementor-widget-elementskit-heading\" data-id=\"b63af9d\" data-element_type=\"widget\" data-e-type=\"widget\" data-settings=\"{&quot;ekit_we_effect_on&quot;:&quot;none&quot;}\" data-widget_type=\"elementskit-heading.default\">\n\t\t\t\t<div class=\"elementor-widget-container\">\n\t\t\t\t\t<div class=\"ekit-wid-con\" ><div class=\"ekit-heading elementskit-section-title-wraper text_left   ekit_heading_tablet-   ekit_heading_mobile-\"><h3 class=\"ekit-heading--title elementskit-section-title\">2. Uso de rastreadores y cookies<\/h3><\/div><\/div>\t\t\t\t<\/div>\n\t\t\t\t<\/div>\n\t\t\t\t<\/div>\n\t\t<div class=\"elementor-element elementor-element-e9867c8 e-con-full e-flex e-con e-child\" data-id=\"e9867c8\" data-element_type=\"container\" data-e-type=\"container\">\n\t\t\t\t<div class=\"elementor-element elementor-element-23ba1af elementor-widget elementor-widget-text-editor\" data-id=\"23ba1af\" data-element_type=\"widget\" data-e-type=\"widget\" data-settings=\"{&quot;ekit_we_effect_on&quot;:&quot;none&quot;}\" data-widget_type=\"text-editor.default\">\n\t\t\t\t<div class=\"elementor-widget-container\">\n\t\t\t\t\t\t\t\t\t<p>Este sitio utiliza cookies y rastreadores de Google para monitorear de forma an\u00f3nima el comportamiento de los usuarios con la intenci\u00f3n de recopilar estad\u00edsticas de uso, como el n\u00famero de p\u00e1ginas vistas, tiempo de permanencia en el sitio, n\u00famero de visitantes \u00fanicos, entre otros, para mejorar la funcionalidad del sitio y los resultados publicitarios. Al continuar navegando en este sitio, asumimos que acepta el uso de cookies para los fines antes mencionados. Para obtener m\u00e1s detalles sobre c\u00f3mo se maneja su informaci\u00f3n personal, puede contactarnos en <a href=\"mailto:foundation@bridges-of-hope.org\">foundation@bridges-of-hope.org<\/a>.\u00a0<\/p>\t\t\t\t\t\t\t\t<\/div>\n\t\t\t\t<\/div>\n\t\t\t\t<\/div>\n\t\t\t\t<\/div>\n\t\t\t\t<\/div>\n\t\t\t\t\t<\/div>\n\t\t\t\t<\/div>\n\t\t\t\t<\/div>","protected":false},"excerpt":{"rendered":"<p>Privacy policy Privacy Policy Use of Trackers and Cookies 1. Privacy Policy Fainc: Bridges of Hope ensures that the collection of your personal information is always kept private and confidential. The organization does not rent, sell, or trade the personal information of its supporters and donors. Fainc: Bridges of Hope collects information about its website [&hellip;]<\/p>\n","protected":false},"author":6,"featured_media":0,"parent":0,"menu_order":0,"comment_status":"closed","ping_status":"closed","template":"","meta":{"give_campaign_id":0,"footnotes":""},"class_list":["post-27069","page","type-page","status-publish","hentry"],"yoast_head":"<!-- This site is optimized with the Yoast SEO plugin v27.1.1 - https:\/\/yoast.com\/product\/yoast-seo-wordpress\/ -->\n<title>Privacy policy - FAINC Bridges of Hope<\/title>\n<meta name=\"robots\" content=\"index, follow, max-snippet:-1, max-image-preview:large, max-video-preview:-1\" \/>\n<link rel=\"canonical\" href=\"https:\/\/7gx.f64.myftpupload.com\/privacy-policy\/\" \/>\n<meta property=\"og:locale\" content=\"es_ES\" \/>\n<meta property=\"og:type\" content=\"article\" \/>\n<meta property=\"og:title\" content=\"Privacy policy - FAINC Bridges of Hope\" \/>\n<meta property=\"og:description\" content=\"Privacy policy Privacy Policy Use of Trackers and Cookies 1. Privacy Policy Fainc: Bridges of Hope ensures that the collection of your personal information is always kept private and confidential. The organization does not rent, sell, or trade the personal information of its supporters and donors. Fainc: Bridges of Hope collects information about its website [&hellip;]\" \/>\n<meta property=\"og:url\" content=\"https:\/\/7gx.f64.myftpupload.com\/privacy-policy\/\" \/>\n<meta property=\"og:site_name\" content=\"FAINC Bridges of Hope\" \/>\n<meta property=\"article:publisher\" content=\"https:\/\/www.facebook.com\/profile.php?id=61567723557187\" \/>\n<meta property=\"article:modified_time\" content=\"2024-10-18T16:57:29+00:00\" \/>\n<meta name=\"twitter:card\" content=\"summary_large_image\" \/>\n<meta name=\"twitter:site\" content=\"@FHope68779\" \/>\n<meta name=\"twitter:label1\" content=\"Tiempo de lectura\" \/>\n\t<meta name=\"twitter:data1\" content=\"1 minuto\" \/>\n<script type=\"application\/ld+json\" class=\"yoast-schema-graph\">{\"@context\":\"https:\/\/schema.org\",\"@graph\":[{\"@type\":\"WebPage\",\"@id\":\"https:\/\/7gx.f64.myftpupload.com\/privacy-policy\/\",\"url\":\"https:\/\/7gx.f64.myftpupload.com\/privacy-policy\/\",\"name\":\"Privacy policy - FAINC Bridges of Hope\",\"isPartOf\":{\"@id\":\"https:\/\/7gx.f64.myftpupload.com\/#website\"},\"datePublished\":\"2024-03-28T12:39:51+00:00\",\"dateModified\":\"2024-10-18T16:57:29+00:00\",\"breadcrumb\":{\"@id\":\"https:\/\/7gx.f64.myftpupload.com\/privacy-policy\/#breadcrumb\"},\"inLanguage\":\"es\",\"potentialAction\":[{\"@type\":\"ReadAction\",\"target\":[\"https:\/\/7gx.f64.myftpupload.com\/privacy-policy\/\"]}]},{\"@type\":\"BreadcrumbList\",\"@id\":\"https:\/\/7gx.f64.myftpupload.com\/privacy-policy\/#breadcrumb\",\"itemListElement\":[{\"@type\":\"ListItem\",\"position\":1,\"name\":\"Home\",\"item\":\"https:\/\/bridges-of-hope.org\/\"},{\"@type\":\"ListItem\",\"position\":2,\"name\":\"Privacy policy\"}]},{\"@type\":\"WebSite\",\"@id\":\"https:\/\/7gx.f64.myftpupload.com\/#website\",\"url\":\"https:\/\/7gx.f64.myftpupload.com\/\",\"name\":\"FAINC Bridges of Hope\",\"description\":\"Hope Connecting Lives\",\"publisher\":{\"@id\":\"https:\/\/7gx.f64.myftpupload.com\/#organization\"},\"potentialAction\":[{\"@type\":\"SearchAction\",\"target\":{\"@type\":\"EntryPoint\",\"urlTemplate\":\"https:\/\/7gx.f64.myftpupload.com\/?s={search_term_string}\"},\"query-input\":{\"@type\":\"PropertyValueSpecification\",\"valueRequired\":true,\"valueName\":\"search_term_string\"}}],\"inLanguage\":\"es\"},{\"@type\":\"Organization\",\"@id\":\"https:\/\/7gx.f64.myftpupload.com\/#organization\",\"name\":\"FAINC Bridges of Hope\",\"url\":\"https:\/\/7gx.f64.myftpupload.com\/\",\"logo\":{\"@type\":\"ImageObject\",\"inLanguage\":\"es\",\"@id\":\"https:\/\/7gx.f64.myftpupload.com\/#\/schema\/logo\/image\/\",\"url\":\"https:\/\/bridges-of-hope.org\/wp-content\/uploads\/2024\/03\/logo-fainc-bridges-of-hope.png\",\"contentUrl\":\"https:\/\/bridges-of-hope.org\/wp-content\/uploads\/2024\/03\/logo-fainc-bridges-of-hope.png\",\"width\":1000,\"height\":300,\"caption\":\"FAINC Bridges of Hope\"},\"image\":{\"@id\":\"https:\/\/7gx.f64.myftpupload.com\/#\/schema\/logo\/image\/\"},\"sameAs\":[\"https:\/\/www.facebook.com\/profile.php?id=61567723557187\",\"https:\/\/x.com\/FHope68779\",\"https:\/\/www.instagram.com\/agrolibanofainc\",\"https:\/\/www.linkedin.com\/company\/fainc-bridges-of-hope\/\",\"https:\/\/www.youtube.com\/@fundacionagrolibanoinc\"]}]}<\/script>\n<!-- \/ Yoast SEO plugin. -->","yoast_head_json":{"title":"Privacy policy - FAINC Bridges of Hope","robots":{"index":"index","follow":"follow","max-snippet":"max-snippet:-1","max-image-preview":"max-image-preview:large","max-video-preview":"max-video-preview:-1"},"canonical":"https:\/\/7gx.f64.myftpupload.com\/privacy-policy\/","og_locale":"es_ES","og_type":"article","og_title":"Privacy policy - FAINC Bridges of Hope","og_description":"Privacy policy Privacy Policy Use of Trackers and Cookies 1. Privacy Policy Fainc: Bridges of Hope ensures that the collection of your personal information is always kept private and confidential. The organization does not rent, sell, or trade the personal information of its supporters and donors. Fainc: Bridges of Hope collects information about its website [&hellip;]","og_url":"https:\/\/7gx.f64.myftpupload.com\/privacy-policy\/","og_site_name":"FAINC Bridges of Hope","article_publisher":"https:\/\/www.facebook.com\/profile.php?id=61567723557187","article_modified_time":"2024-10-18T16:57:29+00:00","twitter_card":"summary_large_image","twitter_site":"@FHope68779","twitter_misc":{"Tiempo de lectura":"1 minuto"},"schema":{"@context":"https:\/\/schema.org","@graph":[{"@type":"WebPage","@id":"https:\/\/7gx.f64.myftpupload.com\/privacy-policy\/","url":"https:\/\/7gx.f64.myftpupload.com\/privacy-policy\/","name":"Privacy policy - FAINC Bridges of Hope","isPartOf":{"@id":"https:\/\/7gx.f64.myftpupload.com\/#website"},"datePublished":"2024-03-28T12:39:51+00:00","dateModified":"2024-10-18T16:57:29+00:00","breadcrumb":{"@id":"https:\/\/7gx.f64.myftpupload.com\/privacy-policy\/#breadcrumb"},"inLanguage":"es","potentialAction":[{"@type":"ReadAction","target":["https:\/\/7gx.f64.myftpupload.com\/privacy-policy\/"]}]},{"@type":"BreadcrumbList","@id":"https:\/\/7gx.f64.myftpupload.com\/privacy-policy\/#breadcrumb","itemListElement":[{"@type":"ListItem","position":1,"name":"Home","item":"https:\/\/bridges-of-hope.org\/"},{"@type":"ListItem","position":2,"name":"Privacy policy"}]},{"@type":"WebSite","@id":"https:\/\/7gx.f64.myftpupload.com\/#website","url":"https:\/\/7gx.f64.myftpupload.com\/","name":"FAINC Bridges of Hope","description":"Hope Connecting Lives","publisher":{"@id":"https:\/\/7gx.f64.myftpupload.com\/#organization"},"potentialAction":[{"@type":"SearchAction","target":{"@type":"EntryPoint","urlTemplate":"https:\/\/7gx.f64.myftpupload.com\/?s={search_term_string}"},"query-input":{"@type":"PropertyValueSpecification","valueRequired":true,"valueName":"search_term_string"}}],"inLanguage":"es"},{"@type":"Organization","@id":"https:\/\/7gx.f64.myftpupload.com\/#organization","name":"FAINC Bridges of Hope","url":"https:\/\/7gx.f64.myftpupload.com\/","logo":{"@type":"ImageObject","inLanguage":"es","@id":"https:\/\/7gx.f64.myftpupload.com\/#\/schema\/logo\/image\/","url":"https:\/\/bridges-of-hope.org\/wp-content\/uploads\/2024\/03\/logo-fainc-bridges-of-hope.png","contentUrl":"https:\/\/bridges-of-hope.org\/wp-content\/uploads\/2024\/03\/logo-fainc-bridges-of-hope.png","width":1000,"height":300,"caption":"FAINC Bridges of Hope"},"image":{"@id":"https:\/\/7gx.f64.myftpupload.com\/#\/schema\/logo\/image\/"},"sameAs":["https:\/\/www.facebook.com\/profile.php?id=61567723557187","https:\/\/x.com\/FHope68779","https:\/\/www.instagram.com\/agrolibanofainc","https:\/\/www.linkedin.com\/company\/fainc-bridges-of-hope\/","https:\/\/www.youtube.com\/@fundacionagrolibanoinc"]}]}},"campaignId":"","_links":{"self":[{"href":"https:\/\/bridges-of-hope.org\/es\/wp-json\/wp\/v2\/pages\/27069","targetHints":{"allow":["GET"]}}],"collection":[{"href":"https:\/\/bridges-of-hope.org\/es\/wp-json\/wp\/v2\/pages"}],"about":[{"href":"https:\/\/bridges-of-hope.org\/es\/wp-json\/wp\/v2\/types\/page"}],"author":[{"embeddable":true,"href":"https:\/\/bridges-of-hope.org\/es\/wp-json\/wp\/v2\/users\/6"}],"replies":[{"embeddable":true,"href":"https:\/\/bridges-of-hope.org\/es\/wp-json\/wp\/v2\/comments?post=27069"}],"version-history":[{"count":7,"href":"https:\/\/bridges-of-hope.org\/es\/wp-json\/wp\/v2\/pages\/27069\/revisions"}],"predecessor-version":[{"id":28685,"href":"https:\/\/bridges-of-hope.org\/es\/wp-json\/wp\/v2\/pages\/27069\/revisions\/28685"}],"wp:attachment":[{"href":"https:\/\/bridges-of-hope.org\/es\/wp-json\/wp\/v2\/media?parent=27069"}],"curies":[{"name":"wp","href":"https:\/\/api.w.org\/{rel}","templated":true}]}}